{"id":1571,"date":"2025-11-16T09:51:38","date_gmt":"2025-11-16T09:51:38","guid":{"rendered":"https:\/\/teknisafe.be\/?page_id=1571"},"modified":"2025-11-16T09:51:38","modified_gmt":"2025-11-16T09:51:38","slug":"cookies","status":"publish","type":"page","link":"https:\/\/teknisafe.be\/index.php\/cookies\/","title":{"rendered":"Cookies"},"content":{"rendered":"<h1 data-start=\"453\" data-end=\"504\"><strong data-start=\"455\" data-end=\"502\">POLITIQUE EN MATI\u00c8RE DE COOKIES \u2014 TEKNISAFE<\/strong><\/h1>\n<hr data-start=\"571\" data-end=\"574\" \/>\n<h2 data-start=\"576\" data-end=\"597\"><strong data-start=\"579\" data-end=\"597\">1. Mise \u00e0 jour<\/strong><\/h2>\n<p data-start=\"598\" data-end=\"629\">Derni\u00e8re mise \u00e0 jour : <strong data-start=\"621\" data-end=\"629\">2025<\/strong><\/p>\n<p data-start=\"631\" data-end=\"766\">La pr\u00e9sente Politique a pour objectif d\u2019expliquer comment <strong data-start=\"689\" data-end=\"702\">TekniSafe<\/strong> utilise les cookies sur son site Internet <strong data-start=\"745\" data-end=\"765\"><a class=\"decorated-link\" href=\"http:\/\/www.teknisafe.be\" target=\"_new\" rel=\"noopener\" data-start=\"747\" data-end=\"763\">www.teknisafe.be<\/a><\/strong>.<\/p>\n<p data-start=\"768\" data-end=\"858\">En visitant notre site, vous \u00eates invit\u00e9 \u00e0 accepter ou refuser les cookies non essentiels.<\/p>\n<hr data-start=\"860\" data-end=\"863\" \/>\n<h2 data-start=\"865\" data-end=\"885\"><strong data-start=\"868\" data-end=\"885\">2. D\u00e9finition<\/strong><\/h2>\n<p data-start=\"887\" data-end=\"1067\">Un <strong data-start=\"890\" data-end=\"900\">cookie<\/strong> est un petit fichier texte enregistr\u00e9 sur votre appareil (ordinateur, tablette, smartphone) lors de votre visite sur un site web.<br data-start=\"1030\" data-end=\"1033\" \/>Les cookies permettent notamment :<\/p>\n<ul data-start=\"1069\" data-end=\"1224\">\n<li data-start=\"1069\" data-end=\"1113\">\n<p data-start=\"1071\" data-end=\"1113\">d\u2019assurer le bon fonctionnement du site,<\/p>\n<\/li>\n<li data-start=\"1114\" data-end=\"1151\">\n<p data-start=\"1116\" data-end=\"1151\">de m\u00e9moriser certaines pr\u00e9f\u00e9rences,<\/p>\n<\/li>\n<li data-start=\"1152\" data-end=\"1184\">\n<p data-start=\"1154\" data-end=\"1184\">de mesurer l\u2019audience du site,<\/p>\n<\/li>\n<li data-start=\"1185\" data-end=\"1224\">\n<p data-start=\"1187\" data-end=\"1224\">d\u2019am\u00e9liorer l\u2019exp\u00e9rience utilisateur.<\/p>\n<\/li>\n<\/ul>\n<p data-start=\"1226\" data-end=\"1323\">Pour en savoir plus :<br data-start=\"1247\" data-end=\"1250\" \/><a class=\"decorated-link\" href=\"http:\/\/www.allaboutcookies.org\" target=\"_new\" rel=\"noopener\" data-start=\"1250\" data-end=\"1273\">www.allaboutcookies.org<\/a> \u2022 <a class=\"decorated-link\" href=\"http:\/\/www.aboutcookies.org\" target=\"_new\" rel=\"noopener\" data-start=\"1276\" data-end=\"1296\">www.aboutcookies.org<\/a> \u2022 <a class=\"decorated-link\" href=\"http:\/\/www.youronlinechoices.eu\" target=\"_new\" rel=\"noopener\" data-start=\"1299\" data-end=\"1323\">www.youronlinechoices.eu<\/a><\/p>\n<p data-start=\"1325\" data-end=\"1389\">L\u2019utilisation de notre site vaut acceptation de cette Politique.<\/p>\n<hr data-start=\"1391\" data-end=\"1394\" \/>\n<h2 data-start=\"1396\" data-end=\"1431\"><strong data-start=\"1399\" data-end=\"1431\">3. Responsable du traitement<\/strong><\/h2>\n<p data-start=\"1433\" data-end=\"1627\"><strong data-start=\"1433\" data-end=\"1462\">Nicolas Hernandez Vazquez<\/strong><br data-start=\"1462\" data-end=\"1465\" \/>D\u00e9nomination commerciale : <strong data-start=\"1492\" data-end=\"1505\">TekniSafe<\/strong><br data-start=\"1505\" data-end=\"1508\" \/>Adresse : <strong data-start=\"1518\" data-end=\"1567\">Place de la Queue 11, 6010 Couillet, Belgique<\/strong><br data-start=\"1567\" data-end=\"1570\" \/>N\u00b0 TVA : <strong data-start=\"1579\" data-end=\"1597\">BE0544.304.711<\/strong><br data-start=\"1597\" data-end=\"1600\" \/>Site : <strong data-start=\"1607\" data-end=\"1627\"><a class=\"decorated-link\" href=\"http:\/\/www.teknisafe.be\" target=\"_new\" rel=\"noopener\" data-start=\"1609\" data-end=\"1625\">www.teknisafe.be<\/a><\/strong><\/p>\n<hr data-start=\"1629\" data-end=\"1632\" \/>\n<h2 data-start=\"1634\" data-end=\"1674\"><strong data-start=\"1637\" data-end=\"1674\">4. Objet de la pr\u00e9sente Politique<\/strong><\/h2>\n<p data-start=\"1676\" data-end=\"1701\">Cette Politique d\u00e9finit :<\/p>\n<ul data-start=\"1703\" data-end=\"1830\">\n<li data-start=\"1703\" data-end=\"1737\">\n<p data-start=\"1705\" data-end=\"1737\">les types de cookies utilis\u00e9s,<\/p>\n<\/li>\n<li data-start=\"1738\" data-end=\"1755\">\n<p data-start=\"1740\" data-end=\"1755\">leur utilit\u00e9,<\/p>\n<\/li>\n<li data-start=\"1756\" data-end=\"1771\">\n<p data-start=\"1758\" data-end=\"1771\">leur dur\u00e9e,<\/p>\n<\/li>\n<li data-start=\"1772\" data-end=\"1830\">\n<p data-start=\"1774\" data-end=\"1830\">la mani\u00e8re dont vous pouvez les g\u00e9rer ou les d\u00e9sactiver.<\/p>\n<\/li>\n<\/ul>\n<hr data-start=\"1832\" data-end=\"1835\" \/>\n<h2 data-start=\"1837\" data-end=\"1894\"><strong data-start=\"1840\" data-end=\"1894\">5. Types de cookies utilis\u00e9s sur le site TekniSafe<\/strong><\/h2>\n<h3 data-start=\"1896\" data-end=\"1944\"><strong data-start=\"1900\" data-end=\"1942\">5.1. Cookies techniques (obligatoires)<\/strong><\/h3>\n<p data-start=\"1945\" data-end=\"2069\">Ces cookies sont indispensables au fonctionnement du site.<br data-start=\"2003\" data-end=\"2006\" \/>Sans eux, certaines fonctions pourraient cesser de fonctionner.<\/p>\n<p data-start=\"2071\" data-end=\"2108\">\u2192 Ils ne peuvent pas \u00eatre d\u00e9sactiv\u00e9s.<\/p>\n<hr data-start=\"2110\" data-end=\"2113\" \/>\n<h3 data-start=\"2115\" data-end=\"2150\"><strong data-start=\"2119\" data-end=\"2148\">5.2. Cookies fonctionnels<\/strong><\/h3>\n<p data-start=\"2151\" data-end=\"2211\">Ils am\u00e9liorent votre exp\u00e9rience de navigation, par exemple :<\/p>\n<ul data-start=\"2213\" data-end=\"2278\">\n<li data-start=\"2213\" data-end=\"2278\">\n<p data-start=\"2215\" data-end=\"2278\">m\u00e9morisation de vos pr\u00e9f\u00e9rences (langue, consentement cookies).<\/p>\n<\/li>\n<\/ul>\n<p data-start=\"2280\" data-end=\"2363\">Ils ne collectent aucune information permettant de vous identifier personnellement.<\/p>\n<hr data-start=\"2365\" data-end=\"2368\" \/>\n<h3 data-start=\"2370\" data-end=\"2424\"><strong data-start=\"2374\" data-end=\"2422\">5.3. Cookies analytiques (mesure d\u2019audience)<\/strong><\/h3>\n<p data-start=\"2425\" data-end=\"2568\">Nous utilisons principalement <strong data-start=\"2455\" data-end=\"2475\">Google Analytics<\/strong> pour analyser l\u2019utilisation du site (pages consult\u00e9es, dur\u00e9e de visite, origine du trafic\u2026).<\/p>\n<p data-start=\"2570\" data-end=\"2588\">Ces cookies sont :<\/p>\n<h4 data-start=\"2590\" data-end=\"2623\"><strong data-start=\"2595\" data-end=\"2621\">Google Analytics (_ga)<\/strong><\/h4>\n<ul data-start=\"2624\" data-end=\"2684\">\n<li data-start=\"2624\" data-end=\"2664\">\n<p data-start=\"2626\" data-end=\"2664\">Fonction : mesure d\u2019audience du site<\/p>\n<\/li>\n<li data-start=\"2665\" data-end=\"2684\">\n<p data-start=\"2667\" data-end=\"2684\">Dur\u00e9e : <strong data-start=\"2675\" data-end=\"2684\">2 ans<\/strong><\/p>\n<\/li>\n<\/ul>\n<h4 data-start=\"2686\" data-end=\"2720\"><strong data-start=\"2691\" data-end=\"2718\">Google Analytics (_gid)<\/strong><\/h4>\n<ul data-start=\"2721\" data-end=\"2783\">\n<li data-start=\"2721\" data-end=\"2759\">\n<p data-start=\"2723\" data-end=\"2759\">Fonction : distingue les visiteurs<\/p>\n<\/li>\n<li data-start=\"2760\" data-end=\"2783\">\n<p data-start=\"2762\" data-end=\"2783\">Dur\u00e9e : <strong data-start=\"2770\" data-end=\"2783\">24 heures<\/strong><\/p>\n<\/li>\n<\/ul>\n<h4 data-start=\"2785\" data-end=\"2819\"><strong data-start=\"2790\" data-end=\"2817\">Google Analytics (_gat)<\/strong><\/h4>\n<ul data-start=\"2820\" data-end=\"2913\">\n<li data-start=\"2820\" data-end=\"2888\">\n<p data-start=\"2822\" data-end=\"2888\">Fonction : limite le nombre de requ\u00eates pour \u00e9viter la surcharge<\/p>\n<\/li>\n<li data-start=\"2889\" data-end=\"2913\">\n<p data-start=\"2891\" data-end=\"2913\">Dur\u00e9e : <strong data-start=\"2899\" data-end=\"2913\">10 minutes<\/strong><\/p>\n<\/li>\n<\/ul>\n<p data-start=\"2915\" data-end=\"3041\">Ces cookies ne permettent pas de vous identifier directement.<br data-start=\"2976\" data-end=\"2979\" \/>Les donn\u00e9es sont utilis\u00e9es \u00e0 des fins statistiques uniquement.<\/p>\n<hr data-start=\"3043\" data-end=\"3046\" \/>\n<h3 data-start=\"3048\" data-end=\"3105\"><strong data-start=\"3052\" data-end=\"3103\">5.4. Cookies de communication (chat ou support)<\/strong><\/h3>\n<p data-start=\"3106\" data-end=\"3206\">Si TekniSafe utilise une solution de support (ex : Crisp), certains cookies peuvent \u00eatre install\u00e9s :<\/p>\n<h4 data-start=\"3208\" data-end=\"3229\">crisp-client\/*<\/h4>\n<ul data-start=\"3230\" data-end=\"3380\">\n<li data-start=\"3230\" data-end=\"3281\">\n<p data-start=\"3232\" data-end=\"3281\">Permet l\u2019affichage de la messagerie instantan\u00e9e<\/p>\n<\/li>\n<li data-start=\"3282\" data-end=\"3342\">\n<p data-start=\"3284\" data-end=\"3342\">Permet de suivre la navigation pour optimiser le support<\/p>\n<\/li>\n<li data-start=\"3343\" data-end=\"3380\">\n<p data-start=\"3345\" data-end=\"3380\">Expiration : \u00e0 la fermeture du site<\/p>\n<\/li>\n<\/ul>\n<p data-start=\"3382\" data-end=\"3446\"><em data-start=\"3382\" data-end=\"3446\">(\u00c0 activer seulement si ton site utilise Crisp ou \u00e9quivalent.)<\/em><\/p>\n<hr data-start=\"3448\" data-end=\"3451\" \/>\n<h3 data-start=\"3453\" data-end=\"3489\"><strong data-start=\"3457\" data-end=\"3489\">5.5. Cookies de consentement<\/strong><\/h3>\n<h4 data-start=\"3491\" data-end=\"3508\">ok_cookies<\/h4>\n<ul data-start=\"3509\" data-end=\"3632\">\n<li data-start=\"3509\" data-end=\"3566\">\n<p data-start=\"3511\" data-end=\"3566\">M\u00e9morise l\u2019acceptation ou le refus du bandeau cookies<\/p>\n<\/li>\n<li data-start=\"3567\" data-end=\"3632\">\n<p data-start=\"3569\" data-end=\"3632\">Expiration : <strong data-start=\"3582\" data-end=\"3605\">selon configuration<\/strong> (g\u00e9n\u00e9ralement 6 \u00e0 12 mois)<\/p>\n<\/li>\n<\/ul>\n<hr data-start=\"3634\" data-end=\"3637\" \/>\n<h2 data-start=\"3639\" data-end=\"3668\"><strong data-start=\"3642\" data-end=\"3668\">6. Gestion des cookies<\/strong><\/h2>\n<p data-start=\"3670\" data-end=\"3714\">Vous pouvez g\u00e9rer les cookies en utilisant :<\/p>\n<h3 data-start=\"3716\" data-end=\"3757\"><strong data-start=\"3720\" data-end=\"3755\">6.1. Le bandeau de consentement<\/strong><\/h3>\n<p data-start=\"3758\" data-end=\"3789\">Au premier acc\u00e8s, vous pouvez :<\/p>\n<ul data-start=\"3791\" data-end=\"3887\">\n<li data-start=\"3791\" data-end=\"3820\">\n<p data-start=\"3793\" data-end=\"3820\">accepter tous les cookies<\/p>\n<\/li>\n<li data-start=\"3821\" data-end=\"3859\">\n<p data-start=\"3823\" data-end=\"3859\">refuser les cookies non essentiels<\/p>\n<\/li>\n<li data-start=\"3860\" data-end=\"3887\">\n<p data-start=\"3862\" data-end=\"3887\">personnaliser votre choix<\/p>\n<\/li>\n<\/ul>\n<hr data-start=\"3889\" data-end=\"3892\" \/>\n<h3 data-start=\"3894\" data-end=\"3943\"><strong data-start=\"3898\" data-end=\"3941\">6.2. Les param\u00e8tres de votre navigateur<\/strong><\/h3>\n<p data-start=\"3944\" data-end=\"3980\">Tous les navigateurs permettent de :<\/p>\n<ul data-start=\"3982\" data-end=\"4117\">\n<li data-start=\"3982\" data-end=\"4029\">\n<p data-start=\"3984\" data-end=\"4029\">bloquer ou supprimer les cookies existants,<\/p>\n<\/li>\n<li data-start=\"4030\" data-end=\"4069\">\n<p data-start=\"4032\" data-end=\"4069\">bloquer certains sites sp\u00e9cifiques,<\/p>\n<\/li>\n<li data-start=\"4070\" data-end=\"4117\">\n<p data-start=\"4072\" data-end=\"4117\">recevoir un avertissement avant installation.<\/p>\n<\/li>\n<\/ul>\n<p data-start=\"4119\" data-end=\"4133\">Liens utiles :<\/p>\n<ul data-start=\"4135\" data-end=\"4401\">\n<li data-start=\"4135\" data-end=\"4194\">\n<p data-start=\"4137\" data-end=\"4194\">Chrome : <a class=\"decorated-link cursor-pointer\" target=\"_new\" rel=\"noopener\" data-start=\"4146\" data-end=\"4192\">https:\/\/support.google.com\/chrome\/answer\/95647<\/a><\/p>\n<\/li>\n<li data-start=\"4195\" data-end=\"4269\">\n<p data-start=\"4197\" data-end=\"4269\">Firefox : <a class=\"decorated-link cursor-pointer\" target=\"_new\" rel=\"noopener\" data-start=\"4207\" data-end=\"4267\">https:\/\/support.mozilla.org\/fr\/kb\/activer-desactiver-cookies<\/a><\/p>\n<\/li>\n<li data-start=\"4270\" data-end=\"4341\">\n<p data-start=\"4272\" data-end=\"4341\">Safari : <a class=\"decorated-link\" href=\"https:\/\/support.apple.com\/fr-fr\/guide\/safari\/sfri11471\/mac\" target=\"_new\" rel=\"noopener\" data-start=\"4281\" data-end=\"4339\">https:\/\/support.apple.com\/fr-fr\/guide\/safari\/sfri11471\/mac<\/a><\/p>\n<\/li>\n<li data-start=\"4342\" data-end=\"4401\">\n<p data-start=\"4344\" data-end=\"4401\">Edge : <a class=\"decorated-link cursor-pointer\" target=\"_new\" rel=\"noopener\" data-start=\"4351\" data-end=\"4399\">https:\/\/support.microsoft.com\/fr-fr\/help\/4027947<\/a><\/p>\n<\/li>\n<\/ul>\n<hr data-start=\"4403\" data-end=\"4406\" \/>\n<h3 data-start=\"4408\" data-end=\"4474\"><strong data-start=\"4412\" data-end=\"4472\">6.3. D\u00e9sactivation des cookies publicitaires (optionnel)<\/strong><\/h3>\n<p data-start=\"4475\" data-end=\"4541\">Si vous souhaitez d\u00e9sactiver uniquement les cookies de publicit\u00e9 :<\/p>\n<ul data-start=\"4543\" data-end=\"4674\">\n<li data-start=\"4543\" data-end=\"4580\">\n<p data-start=\"4545\" data-end=\"4580\"><a class=\"decorated-link\" href=\"https:\/\/www.youronlinechoices.com\" target=\"_new\" rel=\"noopener\" data-start=\"4545\" data-end=\"4578\">https:\/\/www.youronlinechoices.com<\/a><\/p>\n<\/li>\n<li data-start=\"4581\" data-end=\"4640\">\n<p data-start=\"4583\" data-end=\"4640\">Google Ads Preferences : <a class=\"decorated-link\" href=\"https:\/\/adssettings.google.com\" target=\"_new\" rel=\"noopener\" data-start=\"4608\" data-end=\"4638\">https:\/\/adssettings.google.com<\/a><\/p>\n<\/li>\n<li data-start=\"4641\" data-end=\"4674\">\n<p data-start=\"4643\" data-end=\"4674\">Module Google Analytics Opt-out<\/p>\n<\/li>\n<\/ul>\n<hr data-start=\"4676\" data-end=\"4679\" \/>\n<h2 data-start=\"4681\" data-end=\"4717\"><strong data-start=\"4684\" data-end=\"4717\">7. Impact du refus de cookies<\/strong><\/h2>\n<p data-start=\"4719\" data-end=\"4867\">Le refus des cookies analytiques ou fonctionnels <strong data-start=\"4768\" data-end=\"4787\">n\u2019emp\u00eachera pas<\/strong> l\u2019acc\u00e8s au site.<br data-start=\"4804\" data-end=\"4807\" \/>Par contre, certaines fonctionnalit\u00e9s peuvent \u00eatre limit\u00e9es.<\/p>\n<hr data-start=\"4869\" data-end=\"4872\" \/>\n<h2 data-start=\"4874\" data-end=\"4913\"><strong data-start=\"4877\" data-end=\"4913\">8. Modifications de la politique<\/strong><\/h2>\n<p data-start=\"4915\" data-end=\"4987\">TekniSafe se r\u00e9serve le droit d\u2019adapter cette Politique en fonction de :<\/p>\n<ul data-start=\"4989\" data-end=\"5082\">\n<li data-start=\"4989\" data-end=\"5022\">\n<p data-start=\"4991\" data-end=\"5022\">l\u2019\u00e9volution des technologies,<\/p>\n<\/li>\n<li data-start=\"5023\" data-end=\"5047\">\n<p data-start=\"5025\" data-end=\"5047\">la l\u00e9gislation RGPD,<\/p>\n<\/li>\n<li data-start=\"5048\" data-end=\"5082\">\n<p data-start=\"5050\" data-end=\"5082\">les outils utilis\u00e9s sur le site.<\/p>\n<\/li>\n<\/ul>\n<p data-start=\"5084\" data-end=\"5142\">La version \u00e0 jour est disponible sur <strong data-start=\"5121\" data-end=\"5141\"><a class=\"decorated-link\" href=\"http:\/\/www.teknisafe.be\" target=\"_new\" rel=\"noopener\" data-start=\"5123\" data-end=\"5139\">www.teknisafe.be<\/a><\/strong>.<\/p>\n<hr data-start=\"5144\" data-end=\"5147\" \/>\n<h2 data-start=\"5149\" data-end=\"5166\"><strong data-start=\"5152\" data-end=\"5166\">9. Contact<\/strong><\/h2>\n<p data-start=\"5168\" data-end=\"5223\">Pour toute question ou demande concernant les cookies :<\/p>\n<p data-start=\"5225\" data-end=\"5303\">\ud83d\udce7 expert@teknisafe.be<br data-start=\"5252\" data-end=\"5255\" \/>\ud83d\udccd Place de la Queue 11, 6010 Couillet, Belgique<\/p>\n","protected":false},"excerpt":{"rendered":"<p>POLITIQUE EN MATI\u00c8RE DE COOKIES \u2014 TEKNISAFE 1. Mise \u00e0 jour Derni\u00e8re mise \u00e0 jour : 2025 La pr\u00e9sente Politique a pour objectif d\u2019expliquer comment TekniSafe utilise les cookies sur son site Internet www.teknisafe.be. En visitant notre site, vous \u00eates invit\u00e9 \u00e0 accepter ou refuser les cookies non essentiels. 2. D\u00e9finition Un cookie est un<\/p>\n","protected":false},"author":2,"featured_media":0,"parent":0,"menu_order":0,"comment_status":"closed","ping_status":"open","template":"","meta":{"_acf_changed":false,"footnotes":""},"class_list":["post-1571","page","type-page","status-publish","hentry"],"acf":[],"yoast_head":"<!-- This site is optimized with the Yoast SEO plugin v27.4 - https:\/\/yoast.com\/product\/yoast-seo-wordpress\/ -->\n<title>Cookies - Teknisafe<\/title>\n<meta name=\"description\" content=\"Teknisafe : bureau d\u2019\u00e9tude et expertise en s\u00e9curit\u00e9 \u00e9lectronique et incendie \u00e0 Charleroi. Audits, conformit\u00e9, contr\u00f4le d\u2019acc\u00e8s, vid\u00e9osurveillance &amp; d\u00e9tection incendie %\" \/>\n<meta name=\"robots\" content=\"index, follow, max-snippet:-1, max-image-preview:large, max-video-preview:-1\" \/>\n<link rel=\"canonical\" href=\"https:\/\/teknisafe.be\/index.php\/cookies\/\" \/>\n<meta property=\"og:locale\" content=\"fr_FR\" \/>\n<meta property=\"og:type\" content=\"article\" \/>\n<meta property=\"og:title\" content=\"Cookies - Teknisafe\" \/>\n<meta property=\"og:description\" content=\"Teknisafe : bureau d\u2019\u00e9tude et expertise en s\u00e9curit\u00e9 \u00e9lectronique et incendie \u00e0 Charleroi. Audits, conformit\u00e9, contr\u00f4le d\u2019acc\u00e8s, vid\u00e9osurveillance &amp; d\u00e9tection incendie %\" \/>\n<meta property=\"og:url\" content=\"https:\/\/teknisafe.be\/index.php\/cookies\/\" \/>\n<meta property=\"og:site_name\" content=\"Teknisafe\" \/>\n<meta name=\"twitter:card\" content=\"summary_large_image\" \/>\n<meta name=\"twitter:label1\" content=\"Dur\u00e9e de lecture est.\" \/>\n\t<meta name=\"twitter:data1\" content=\"4 minutes\" \/>\n<script type=\"application\/ld+json\" class=\"yoast-schema-graph\">{\"@context\":\"https:\\\/\\\/schema.org\",\"@graph\":[{\"@type\":\"WebPage\",\"@id\":\"https:\\\/\\\/teknisafe.be\\\/index.php\\\/cookies\\\/\",\"url\":\"https:\\\/\\\/teknisafe.be\\\/index.php\\\/cookies\\\/\",\"name\":\"Cookies - Teknisafe\",\"isPartOf\":{\"@id\":\"https:\\\/\\\/teknisafe.be\\\/#website\"},\"datePublished\":\"2025-11-16T09:51:38+00:00\",\"description\":\"Teknisafe : bureau d\u2019\u00e9tude et expertise en s\u00e9curit\u00e9 \u00e9lectronique et incendie \u00e0 Charleroi. Audits, conformit\u00e9, contr\u00f4le d\u2019acc\u00e8s, vid\u00e9osurveillance & d\u00e9tection incendie %\",\"breadcrumb\":{\"@id\":\"https:\\\/\\\/teknisafe.be\\\/index.php\\\/cookies\\\/#breadcrumb\"},\"inLanguage\":\"fr-BE\",\"potentialAction\":[{\"@type\":\"ReadAction\",\"target\":[\"https:\\\/\\\/teknisafe.be\\\/index.php\\\/cookies\\\/\"]}]},{\"@type\":\"BreadcrumbList\",\"@id\":\"https:\\\/\\\/teknisafe.be\\\/index.php\\\/cookies\\\/#breadcrumb\",\"itemListElement\":[{\"@type\":\"ListItem\",\"position\":1,\"name\":\"Accueil\",\"item\":\"https:\\\/\\\/teknisafe.be\\\/\"},{\"@type\":\"ListItem\",\"position\":2,\"name\":\"Cookies\"}]},{\"@type\":\"WebSite\",\"@id\":\"https:\\\/\\\/teknisafe.be\\\/#website\",\"url\":\"https:\\\/\\\/teknisafe.be\\\/\",\"name\":\"Teknisafe\",\"description\":\"Etude et Expertise technique\",\"publisher\":{\"@id\":\"https:\\\/\\\/teknisafe.be\\\/#organization\"},\"potentialAction\":[{\"@type\":\"SearchAction\",\"target\":{\"@type\":\"EntryPoint\",\"urlTemplate\":\"https:\\\/\\\/teknisafe.be\\\/?s={search_term_string}\"},\"query-input\":{\"@type\":\"PropertyValueSpecification\",\"valueRequired\":true,\"valueName\":\"search_term_string\"}}],\"inLanguage\":\"fr-BE\"},{\"@type\":\"Organization\",\"@id\":\"https:\\\/\\\/teknisafe.be\\\/#organization\",\"name\":\"Teknisafe\",\"url\":\"https:\\\/\\\/teknisafe.be\\\/\",\"logo\":{\"@type\":\"ImageObject\",\"inLanguage\":\"fr-BE\",\"@id\":\"https:\\\/\\\/teknisafe.be\\\/#\\\/schema\\\/logo\\\/image\\\/\",\"url\":\"https:\\\/\\\/teknisafe.be\\\/wp-content\\\/uploads\\\/2025\\\/10\\\/Capture_d_ecran_2025-10-16_201442-removebg-preview.png\",\"contentUrl\":\"https:\\\/\\\/teknisafe.be\\\/wp-content\\\/uploads\\\/2025\\\/10\\\/Capture_d_ecran_2025-10-16_201442-removebg-preview.png\",\"width\":896,\"height\":278,\"caption\":\"Teknisafe\"},\"image\":{\"@id\":\"https:\\\/\\\/teknisafe.be\\\/#\\\/schema\\\/logo\\\/image\\\/\"}}]}<\/script>\n<!-- \/ Yoast SEO plugin. -->","yoast_head_json":{"title":"Cookies - Teknisafe","description":"Teknisafe : bureau d\u2019\u00e9tude et expertise en s\u00e9curit\u00e9 \u00e9lectronique et incendie \u00e0 Charleroi. Audits, conformit\u00e9, contr\u00f4le d\u2019acc\u00e8s, vid\u00e9osurveillance & d\u00e9tection incendie %","robots":{"index":"index","follow":"follow","max-snippet":"max-snippet:-1","max-image-preview":"max-image-preview:large","max-video-preview":"max-video-preview:-1"},"canonical":"https:\/\/teknisafe.be\/index.php\/cookies\/","og_locale":"fr_FR","og_type":"article","og_title":"Cookies - Teknisafe","og_description":"Teknisafe : bureau d\u2019\u00e9tude et expertise en s\u00e9curit\u00e9 \u00e9lectronique et incendie \u00e0 Charleroi. Audits, conformit\u00e9, contr\u00f4le d\u2019acc\u00e8s, vid\u00e9osurveillance & d\u00e9tection incendie %","og_url":"https:\/\/teknisafe.be\/index.php\/cookies\/","og_site_name":"Teknisafe","twitter_card":"summary_large_image","twitter_misc":{"Dur\u00e9e de lecture est.":"4 minutes"},"schema":{"@context":"https:\/\/schema.org","@graph":[{"@type":"WebPage","@id":"https:\/\/teknisafe.be\/index.php\/cookies\/","url":"https:\/\/teknisafe.be\/index.php\/cookies\/","name":"Cookies - Teknisafe","isPartOf":{"@id":"https:\/\/teknisafe.be\/#website"},"datePublished":"2025-11-16T09:51:38+00:00","description":"Teknisafe : bureau d\u2019\u00e9tude et expertise en s\u00e9curit\u00e9 \u00e9lectronique et incendie \u00e0 Charleroi. Audits, conformit\u00e9, contr\u00f4le d\u2019acc\u00e8s, vid\u00e9osurveillance & d\u00e9tection incendie %","breadcrumb":{"@id":"https:\/\/teknisafe.be\/index.php\/cookies\/#breadcrumb"},"inLanguage":"fr-BE","potentialAction":[{"@type":"ReadAction","target":["https:\/\/teknisafe.be\/index.php\/cookies\/"]}]},{"@type":"BreadcrumbList","@id":"https:\/\/teknisafe.be\/index.php\/cookies\/#breadcrumb","itemListElement":[{"@type":"ListItem","position":1,"name":"Accueil","item":"https:\/\/teknisafe.be\/"},{"@type":"ListItem","position":2,"name":"Cookies"}]},{"@type":"WebSite","@id":"https:\/\/teknisafe.be\/#website","url":"https:\/\/teknisafe.be\/","name":"Teknisafe","description":"Etude et Expertise technique","publisher":{"@id":"https:\/\/teknisafe.be\/#organization"},"potentialAction":[{"@type":"SearchAction","target":{"@type":"EntryPoint","urlTemplate":"https:\/\/teknisafe.be\/?s={search_term_string}"},"query-input":{"@type":"PropertyValueSpecification","valueRequired":true,"valueName":"search_term_string"}}],"inLanguage":"fr-BE"},{"@type":"Organization","@id":"https:\/\/teknisafe.be\/#organization","name":"Teknisafe","url":"https:\/\/teknisafe.be\/","logo":{"@type":"ImageObject","inLanguage":"fr-BE","@id":"https:\/\/teknisafe.be\/#\/schema\/logo\/image\/","url":"https:\/\/teknisafe.be\/wp-content\/uploads\/2025\/10\/Capture_d_ecran_2025-10-16_201442-removebg-preview.png","contentUrl":"https:\/\/teknisafe.be\/wp-content\/uploads\/2025\/10\/Capture_d_ecran_2025-10-16_201442-removebg-preview.png","width":896,"height":278,"caption":"Teknisafe"},"image":{"@id":"https:\/\/teknisafe.be\/#\/schema\/logo\/image\/"}}]}},"_links":{"self":[{"href":"https:\/\/teknisafe.be\/index.php\/wp-json\/wp\/v2\/pages\/1571","targetHints":{"allow":["GET"]}}],"collection":[{"href":"https:\/\/teknisafe.be\/index.php\/wp-json\/wp\/v2\/pages"}],"about":[{"href":"https:\/\/teknisafe.be\/index.php\/wp-json\/wp\/v2\/types\/page"}],"author":[{"embeddable":true,"href":"https:\/\/teknisafe.be\/index.php\/wp-json\/wp\/v2\/users\/2"}],"replies":[{"embeddable":true,"href":"https:\/\/teknisafe.be\/index.php\/wp-json\/wp\/v2\/comments?post=1571"}],"version-history":[{"count":1,"href":"https:\/\/teknisafe.be\/index.php\/wp-json\/wp\/v2\/pages\/1571\/revisions"}],"predecessor-version":[{"id":1572,"href":"https:\/\/teknisafe.be\/index.php\/wp-json\/wp\/v2\/pages\/1571\/revisions\/1572"}],"wp:attachment":[{"href":"https:\/\/teknisafe.be\/index.php\/wp-json\/wp\/v2\/media?parent=1571"}],"curies":[{"name":"wp","href":"https:\/\/api.w.org\/{rel}","templated":true}]}}