{"id":2084,"date":"2026-02-27T14:46:44","date_gmt":"2026-02-27T14:46:44","guid":{"rendered":"http:\/\/staging.teknisafe.be\/?page_id=2084"},"modified":"2026-02-27T14:47:06","modified_gmt":"2026-02-27T14:47:06","slug":"gestion-projet-securite","status":"publish","type":"page","link":"https:\/\/teknisafe.be\/index.php\/gestion-projet-securite\/","title":{"rendered":"Gestion de Projet S\u00e9curit\u00e9- Teknisafe"},"content":{"rendered":"<p><div class=\"fusion-bg-parallax\" data-bg-align=\"center center\" data-direction=\"down\" data-mute=\"false\" data-opacity=\"100\" data-velocity=\"-0.3\" data-mobile-enabled=\"false\" data-break_parents=\"0\" data-bg-image=\"https:\/\/teknisafe.be\/wp-content\/uploads\/2026\/02\/bcd51e1f-f542-4611-9fd3-9070569d1e4c-e1772192445144.png\" data-bg-repeat=\"false\" ><\/div><div class=\"fusion-fullwidth fullwidth-box fusion-builder-row-1 fusion-flex-container has-pattern-background has-mask-background fusion-parallax-down nonhundred-percent-fullwidth non-hundred-percent-height-scrolling\" style=\"--awb-border-radius-top-left:0px;--awb-border-radius-top-right:0px;--awb-border-radius-bottom-right:0px;--awb-border-radius-bottom-left:0px;--awb-padding-top:15%;--awb-padding-top-small:25%;--awb-background-image:url(&quot;https:\/\/teknisafe.be\/wp-content\/uploads\/2026\/02\/bcd51e1f-f542-4611-9fd3-9070569d1e4c-e1772192445144.png&quot;);--awb-background-size:contain;--awb-flex-wrap:wrap;\" data-preload-img=\"https:\/\/teknisafe.be\/wp-content\/uploads\/2026\/02\/bcd51e1f-f542-4611-9fd3-9070569d1e4c-e1772192445144.png\" ><div class=\"fusion-builder-row fusion-row fusion-flex-align-items-stretch fusion-flex-content-wrap\" style=\"max-width:1216.8px;margin-left: calc(-4% \/ 2 );margin-right: calc(-4% \/ 2 );\"><div class=\"fusion-layout-column fusion_builder_column fusion-builder-column-0 fusion_builder_column_1_1 1_1 fusion-flex-column fusion-flex-align-self-flex-start fusion-column-no-min-height\" style=\"--awb-bg-size:cover;--awb-width-large:100%;--awb-margin-top-large:0px;--awb-spacing-right-large:1.92%;--awb-margin-bottom-large:0px;--awb-spacing-left-large:1.92%;--awb-width-medium:100%;--awb-spacing-right-medium:1.92%;--awb-spacing-left-medium:1.92%;--awb-width-small:100%;--awb-spacing-right-small:1.92%;--awb-spacing-left-small:1.92%;\"><div class=\"fusion-column-wrapper fusion-column-has-shadow fusion-flex-justify-content-flex-start fusion-content-layout-column\"><div class=\"fusion-section-separator section-separator hills-opacity fusion-section-separator-1\" style=\"--awb-spacer-padding-top:17.7734375%;--awb-svg-margin-left:1.92%;--awb-svg-margin-right:1.92%;--awb-svg-margin-left-medium:1.92%;--awb-svg-margin-right-medium:1.92%;--awb-svg-margin-left-small:1.92%;--awb-svg-margin-right-small:1.92%;--awb-sep-font-size:0;--awb-sep-line-height:0;\"><div class=\"fusion-section-separator-svg\"><svg class=\"fusion-hills-opacity-candy\" xmlns=\"http:\/\/www.w3.org\/2000\/svg\" version=\"1.1\" width=\"100%\" viewBox=\"0 -0.5 1024 182\" preserveAspectRatio=\"none\" fill=\"rgba(255,255,255,1)\"><path class=\"st0\" d=\"M0 182.086h1024V41.593c-28.058-21.504-60.109-37.581-97.075-37.581-112.845 0-198.144 93.798-289.792 93.798S437.658 6.777 351.846 6.777s-142.234 82.125-238.49 82.125c-63.078 0-75.776-31.744-113.357-53.658L0 182.086z\"\/>\n\t\t\t\t\t\t\t\t\t<path class=\"st1\" d=\"M1024 181.062v-75.878c-39.731 15.872-80.794 27.341-117.658 25.805-110.387-4.506-191.795-109.773-325.53-116.224-109.158-5.12-344.166 120.115-429.466 166.298H1024v-.001z\"\/>\n\t\t\t\t\t\t\t\t\t<path class=\"st2\" d=\"M0 182.086h1024V90.028C966.451 59.103 907.059 16.3 824.115 15.071 690.278 13.023 665.19 102.93 482.099 102.93S202.138-1.62 74.24.019C46.49.326 21.811 4.217 0 9.849v172.237z\"\/>\n\t\t\t\t\t\t\t\t\t<path class=\"st3\" d=\"M0 182.086h1024V80.505c-37.171 19.558-80.691 35.328-139.571 36.25-151.142 2.355-141.619-28.57-298.496-29.184s-138.854 47.002-305.459 43.725C132.813 128.428 91.238 44.563 0 28.179v153.907z\"\/>\n\t\t\t\t\t\t\t\t\t<path class=\"st4\" d=\"M0 182.086h1024v-77.312c-49.05 20.07-120.525 42.394-193.229 42.086-128.922-.512-159.846-72.294-255.795-72.294-89.088 0-134.656 80.179-245.043 82.022S169.063 99.346 49.971 97.401C32.768 97.094 16.077 99.244 0 103.135v78.951z\"\/>\n\t\t\t\t\t\t\t\t<\/svg><\/div><div class=\"fusion-section-separator-spacer\"><div class=\"fusion-section-separator-spacer-height\"><\/div><\/div><\/div><\/div><\/div><\/div><\/div><div class=\"fusion-fullwidth fullwidth-box fusion-builder-row-2 fusion-flex-container nonhundred-percent-fullwidth non-hundred-percent-height-scrolling\" style=\"--awb-border-radius-top-left:0px;--awb-border-radius-top-right:0px;--awb-border-radius-bottom-right:0px;--awb-border-radius-bottom-left:0px;--awb-padding-right:0px;--awb-padding-left:0px;--awb-flex-wrap:wrap;\" ><div class=\"fusion-builder-row fusion-row fusion-flex-align-items-flex-start fusion-flex-content-wrap\" style=\"max-width:1216.8px;margin-left: calc(-4% \/ 2 );margin-right: calc(-4% \/ 2 );\"><div class=\"fusion-layout-column fusion_builder_column fusion-builder-column-1 fusion_builder_column_1_1 1_1 fusion-flex-column fusion-animated\" style=\"--awb-padding-top:40px;--awb-padding-right:40px;--awb-padding-bottom:40px;--awb-padding-left:40px;--awb-overflow:hidden;--awb-bg-position:left center;--awb-bg-size:cover;--awb-border-radius:8px 8px 8px 8px;--awb-width-large:100%;--awb-margin-top-large:0px;--awb-spacing-right-large:1.92%;--awb-margin-bottom-large:30px;--awb-spacing-left-large:1.92%;--awb-width-medium:100%;--awb-order-medium:0;--awb-spacing-right-medium:1.92%;--awb-spacing-left-medium:1.92%;--awb-width-small:100%;--awb-order-small:0;--awb-spacing-right-small:1.92%;--awb-spacing-left-small:1.92%;\" data-animationType=\"fadeInUp\" data-animationDuration=\"1.0\" data-animationOffset=\"top-into-view\" data-scroll-devices=\"small-visibility,medium-visibility,large-visibility\"><div class=\"fusion-column-wrapper lazyload fusion-column-has-shadow fusion-flex-justify-content-center fusion-content-layout-column fusion-column-has-bg-image\" data-bg-url=\"https:\/\/teknisafe.be\/wp-content\/uploads\/2026\/02\/dbe60182-19cf-4535-89b2-8a3470b374bf-1024x683.png\" data-bg=\"https:\/\/teknisafe.be\/wp-content\/uploads\/2026\/02\/dbe60182-19cf-4535-89b2-8a3470b374bf-1024x683.png\"><div class=\"fusion-builder-row fusion-builder-row-inner fusion-row fusion-flex-align-items-flex-start fusion-flex-content-wrap\" style=\"width:104% !important;max-width:104% !important;margin-left: calc(-4% \/ 2 );margin-right: calc(-4% \/ 2 );\"><div class=\"fusion-layout-column fusion_builder_column_inner fusion-builder-nested-column-0 fusion_builder_column_inner_1_2 1_2 fusion-flex-column fusion-no-small-visibility fusion-no-medium-visibility\" style=\"--awb-bg-size:cover;--awb-width-large:50%;--awb-margin-top-large:0px;--awb-spacing-right-large:3.84%;--awb-margin-bottom-large:0px;--awb-spacing-left-large:3.84%;--awb-width-medium:100%;--awb-spacing-right-medium:1.92%;--awb-spacing-left-medium:1.92%;--awb-width-small:100%;--awb-spacing-right-small:1.92%;--awb-spacing-left-small:1.92%;\"><div class=\"fusion-column-wrapper fusion-column-has-shadow fusion-flex-justify-content-center fusion-content-layout-column\"><div class=\"fusion-title title fusion-title-1 fusion-sep-none fusion-title-text fusion-title-size-two\" style=\"--awb-text-color:var(--awb-color1);--awb-margin-bottom:0px;--awb-margin-bottom-small:0px;--awb-font-size:2.2em;\"><h2 class=\"fusion-title-heading title-heading-left fusion-responsive-typography-calculated\" style=\"margin:0;text-transform:capitalize;font-size:1em;--fontSize:33;line-height:1.3;\"><h1>Gestion de Projet S\u00e9curit\u00e9<\/h1><\/h2><\/div><\/div><\/div><\/div><\/div><\/div><div class=\"fusion-layout-column fusion_builder_column fusion-builder-column-2 fusion_builder_column_1_1 1_1 fusion-flex-column fusion-animated\" style=\"--awb-bg-size:cover;--awb-width-large:100%;--awb-margin-top-large:0px;--awb-spacing-right-large:1.92%;--awb-margin-bottom-large:0px;--awb-spacing-left-large:1.92%;--awb-width-medium:100%;--awb-spacing-right-medium:1.92%;--awb-spacing-left-medium:1.92%;--awb-width-small:100%;--awb-spacing-right-small:1.92%;--awb-spacing-left-small:1.92%;\" data-animationType=\"fadeInUp\" data-animationDuration=\"1.0\" data-animationOffset=\"top-into-view\"><div class=\"fusion-column-wrapper fusion-column-has-shadow fusion-flex-justify-content-flex-start fusion-content-layout-column\"><div class=\"fusion-title title fusion-title-2 fusion-sep-none fusion-title-text fusion-title-size-three\" style=\"--awb-margin-top:40px;--awb-margin-bottom:30px;--awb-margin-top-small:40px;--awb-margin-bottom-small:30px;\"><h3 class=\"fusion-title-heading title-heading-left fusion-responsive-typography-calculated\" style=\"margin:0;text-transform:capitalize;--fontSize:20;line-height:1.45;\"><strong><span style=\"color: #f2711b;\">GPS<\/span> &#8211; Conception &amp; Gestion de Projet S\u00e9curit\u00e9<\/strong><\/h3><\/div><\/div><\/div><\/div><\/div><div class=\"fusion-fullwidth fullwidth-box fusion-builder-row-3 fusion-flex-container has-pattern-background has-mask-background nonhundred-percent-fullwidth non-hundred-percent-height-scrolling\" style=\"--awb-border-radius-top-left:0px;--awb-border-radius-top-right:0px;--awb-border-radius-bottom-right:0px;--awb-border-radius-bottom-left:0px;--awb-flex-wrap:wrap;\" ><div class=\"fusion-builder-row fusion-row fusion-flex-align-items-flex-start fusion-flex-content-wrap\" style=\"max-width:1216.8px;margin-left: calc(-4% \/ 2 );margin-right: calc(-4% \/ 2 );\"><div class=\"fusion-layout-column fusion_builder_column fusion-builder-column-3 fusion_builder_column_1_1 1_1 fusion-flex-column\" style=\"--awb-bg-size:cover;--awb-width-large:100%;--awb-margin-top-large:0px;--awb-spacing-right-large:1.92%;--awb-margin-bottom-large:0px;--awb-spacing-left-large:1.92%;--awb-width-medium:100%;--awb-order-medium:0;--awb-spacing-right-medium:1.92%;--awb-spacing-left-medium:1.92%;--awb-width-small:100%;--awb-order-small:0;--awb-spacing-right-small:1.92%;--awb-spacing-left-small:1.92%;\"><div class=\"fusion-column-wrapper fusion-column-has-shadow fusion-flex-justify-content-flex-start fusion-content-layout-column\"><div class=\"fusion-text fusion-text-1\"><p data-start=\"179\" data-end=\"409\">Nous accompagnons les architectes, ma\u00eetres d\u2019ouvrage, services publics et entreprises dans la conception et la gestion compl\u00e8te de leurs projets de s\u00e9curit\u00e9, depuis l\u2019analyse initiale jusqu\u2019\u00e0 la r\u00e9ception finale des installations.<\/p>\n<p data-start=\"411\" data-end=\"619\">Notre mission consiste \u00e0 assurer la coh\u00e9rence technique, la conformit\u00e9 r\u00e9glementaire et la ma\u00eetrise globale du projet, tout en garantissant une mise en concurrence transparente des entreprises d\u2019installation.<\/p>\n<h3 data-start=\"621\" data-end=\"678\">Notre accompagnement couvre l\u2019ensemble du processus :<\/h3>\n<p data-start=\"680\" data-end=\"941\"><strong data-start=\"680\" data-end=\"720\">1. Analyse des besoins et conception<\/strong><br data-start=\"720\" data-end=\"723\" \/>\u00c9tude du site, identification des risques et d\u00e9finition des objectifs de s\u00e9curit\u00e9.<br data-start=\"805\" data-end=\"808\" \/>\u00c9laboration de la solution technique adapt\u00e9e (d\u00e9tection incendie, intrusion, vid\u00e9osurveillance, contr\u00f4le d\u2019acc\u00e8s, syst\u00e8mes int\u00e9gr\u00e9s).<\/p>\n<p data-start=\"943\" data-end=\"1105\"><strong data-start=\"943\" data-end=\"981\">2. R\u00e9daction du cahier des charges<\/strong><br data-start=\"981\" data-end=\"984\" \/>Formalisation des exigences techniques et fonctionnelles afin de permettre une consultation structur\u00e9e des installateurs.<\/p>\n<p data-start=\"1107\" data-end=\"1250\"><strong data-start=\"1107\" data-end=\"1146\">3. Organisation de l\u2019appel d\u2019offres<\/strong><br data-start=\"1146\" data-end=\"1149\" \/>Consultation de plusieurs entreprises sur une base identique, garantissant une concurrence \u00e9quitable.<\/p>\n<p data-start=\"1252\" data-end=\"1400\"><strong data-start=\"1252\" data-end=\"1289\">4. Analyse comparative des offres<\/strong><br data-start=\"1289\" data-end=\"1292\" \/>\u00c9tude technique et financi\u00e8re des propositions re\u00e7ues, assistance au choix de l\u2019installateur avec le client.<\/p>\n<p data-start=\"1402\" data-end=\"1586\"><strong data-start=\"1402\" data-end=\"1434\">5. Suivi technique du projet<\/strong><br data-start=\"1434\" data-end=\"1437\" \/>Accompagnement pendant la phase d\u2019ex\u00e9cution : v\u00e9rification de la conformit\u00e9 aux exigences d\u00e9finies, coordination technique et contr\u00f4le de la qualit\u00e9.<\/p>\n<p data-start=\"1588\" data-end=\"1749\"><strong data-start=\"1588\" data-end=\"1622\">6. R\u00e9ception de l\u2019installation<\/strong><br data-start=\"1622\" data-end=\"1625\" \/>V\u00e9rification finale des performances, conformit\u00e9 aux exigences contractuelles et validation technique avant mise en service.<\/p>\n<\/div><\/div><\/div><div class=\"fusion-layout-column fusion_builder_column fusion-builder-column-4 fusion_builder_column_1_6 1_6 fusion-flex-column\" style=\"--awb-bg-size:cover;--awb-width-large:16.666666666667%;--awb-margin-top-large:0px;--awb-spacing-right-large:11.52%;--awb-margin-bottom-large:0px;--awb-spacing-left-large:11.52%;--awb-width-medium:100%;--awb-order-medium:0;--awb-spacing-right-medium:1.92%;--awb-spacing-left-medium:1.92%;--awb-width-small:100%;--awb-order-small:0;--awb-spacing-right-small:1.92%;--awb-spacing-left-small:1.92%;\"><div class=\"fusion-column-wrapper fusion-column-has-shadow fusion-flex-justify-content-flex-start fusion-content-layout-column\"><\/div><\/div><div class=\"fusion-layout-column fusion_builder_column fusion-builder-column-5 fusion_builder_column_1_3 1_3 fusion-flex-column\" style=\"--awb-bg-size:cover;--awb-width-large:33.333333333333%;--awb-margin-top-large:0px;--awb-spacing-right-large:5.76%;--awb-margin-bottom-large:0px;--awb-spacing-left-large:5.76%;--awb-width-medium:100%;--awb-order-medium:0;--awb-spacing-right-medium:1.92%;--awb-spacing-left-medium:1.92%;--awb-width-small:100%;--awb-order-small:0;--awb-spacing-right-small:1.92%;--awb-spacing-left-small:1.92%;\"><div class=\"fusion-column-wrapper fusion-column-has-shadow fusion-flex-justify-content-flex-start fusion-content-layout-column\"><div ><a class=\"fusion-button button-flat fusion-button-default-size button-default fusion-button-default button-1 fusion-button-span-yes fusion-button-default-type\" style=\"--button-border-radius-top-left:15px;--button-border-radius-top-right:15px;--button-border-radius-bottom-right:15px;--button-border-radius-bottom-left:15px;\" target=\"_self\" href=\"https:\/\/teknisafe.be\/index.php\/contact\/\"><i class=\"fa-envelope fas awb-button__icon awb-button__icon--default button-icon-left\" aria-hidden=\"true\"><\/i><span class=\"fusion-button-text awb-button__text awb-button__text--default\">Demander une devis<\/span><\/a><\/div><\/div><\/div><div class=\"fusion-layout-column fusion_builder_column fusion-builder-column-6 fusion_builder_column_1_3 1_3 fusion-flex-column\" style=\"--awb-bg-size:cover;--awb-width-large:33.333333333333%;--awb-margin-top-large:0px;--awb-spacing-right-large:5.76%;--awb-margin-bottom-large:0px;--awb-spacing-left-large:5.76%;--awb-width-medium:100%;--awb-order-medium:0;--awb-spacing-right-medium:1.92%;--awb-spacing-left-medium:1.92%;--awb-width-small:100%;--awb-order-small:0;--awb-spacing-right-small:1.92%;--awb-spacing-left-small:1.92%;\"><div class=\"fusion-column-wrapper fusion-column-has-shadow fusion-flex-justify-content-flex-start fusion-content-layout-column\"><div ><a class=\"fusion-button button-flat fusion-button-default-size button-default fusion-button-default button-2 fusion-button-span-yes fusion-button-default-type\" style=\"--button-border-radius-top-left:15px;--button-border-radius-top-right:15px;--button-border-radius-bottom-right:15px;--button-border-radius-bottom-left:15px;\" target=\"_self\" href=\"tel:+3271157515\"><i class=\"fa-phone-alt fas awb-button__icon awb-button__icon--default button-icon-left\" aria-hidden=\"true\"><\/i><span class=\"fusion-button-text awb-button__text awb-button__text--default\">Nous appeler<\/span><\/a><\/div><\/div><\/div><div class=\"fusion-layout-column fusion_builder_column fusion-builder-column-7 fusion_builder_column_1_6 1_6 fusion-flex-column\" style=\"--awb-bg-size:cover;--awb-width-large:16.666666666667%;--awb-margin-top-large:0px;--awb-spacing-right-large:11.52%;--awb-margin-bottom-large:0px;--awb-spacing-left-large:11.52%;--awb-width-medium:100%;--awb-order-medium:0;--awb-spacing-right-medium:1.92%;--awb-spacing-left-medium:1.92%;--awb-width-small:100%;--awb-order-small:0;--awb-spacing-right-small:1.92%;--awb-spacing-left-small:1.92%;\"><div class=\"fusion-column-wrapper fusion-column-has-shadow fusion-flex-justify-content-flex-start fusion-content-layout-column\"><\/div><\/div><\/div><\/div><\/p>\n","protected":false},"excerpt":{"rendered":"","protected":false},"author":2,"featured_media":0,"parent":0,"menu_order":0,"comment_status":"closed","ping_status":"closed","template":"100-width.php","meta":{"_acf_changed":false,"footnotes":""},"class_list":["post-2084","page","type-page","status-publish","hentry"],"acf":[],"yoast_head":"<!-- This site is optimized with the Yoast SEO plugin v27.4 - https:\/\/yoast.com\/product\/yoast-seo-wordpress\/ -->\n<title>Gestion de Projet S\u00e9curit\u00e9- Teknisafe - Teknisafe<\/title>\n<meta name=\"description\" content=\"Teknisafe : bureau d\u2019\u00e9tude et expertise en s\u00e9curit\u00e9 \u00e9lectronique et incendie \u00e0 Charleroi. Audits, conformit\u00e9, contr\u00f4le d\u2019acc\u00e8s, vid\u00e9osurveillance &amp; d\u00e9tection incendie %\" \/>\n<meta name=\"robots\" content=\"index, follow, max-snippet:-1, max-image-preview:large, max-video-preview:-1\" \/>\n<link rel=\"canonical\" href=\"https:\/\/teknisafe.be\/index.php\/gestion-projet-securite\/\" \/>\n<meta property=\"og:locale\" content=\"fr_FR\" \/>\n<meta property=\"og:type\" content=\"article\" \/>\n<meta property=\"og:title\" content=\"Gestion de Projet S\u00e9curit\u00e9- Teknisafe - Teknisafe\" \/>\n<meta property=\"og:description\" content=\"Teknisafe : bureau d\u2019\u00e9tude et expertise en s\u00e9curit\u00e9 \u00e9lectronique et incendie \u00e0 Charleroi. Audits, conformit\u00e9, contr\u00f4le d\u2019acc\u00e8s, vid\u00e9osurveillance &amp; d\u00e9tection incendie %\" \/>\n<meta property=\"og:url\" content=\"https:\/\/teknisafe.be\/index.php\/gestion-projet-securite\/\" \/>\n<meta property=\"og:site_name\" content=\"Teknisafe\" \/>\n<meta property=\"article:modified_time\" content=\"2026-02-27T14:47:06+00:00\" \/>\n<meta name=\"twitter:card\" content=\"summary_large_image\" \/>\n<meta name=\"twitter:label1\" content=\"Dur\u00e9e de lecture est.\" \/>\n\t<meta name=\"twitter:data1\" content=\"2 minutes\" \/>\n<script type=\"application\/ld+json\" class=\"yoast-schema-graph\">{\"@context\":\"https:\\\/\\\/schema.org\",\"@graph\":[{\"@type\":\"WebPage\",\"@id\":\"https:\\\/\\\/teknisafe.be\\\/index.php\\\/gestion-projet-securite\\\/\",\"url\":\"https:\\\/\\\/teknisafe.be\\\/index.php\\\/gestion-projet-securite\\\/\",\"name\":\"Gestion de Projet S\u00e9curit\u00e9- Teknisafe - Teknisafe\",\"isPartOf\":{\"@id\":\"https:\\\/\\\/teknisafe.be\\\/#website\"},\"datePublished\":\"2026-02-27T14:46:44+00:00\",\"dateModified\":\"2026-02-27T14:47:06+00:00\",\"description\":\"Teknisafe : bureau d\u2019\u00e9tude et expertise en s\u00e9curit\u00e9 \u00e9lectronique et incendie \u00e0 Charleroi. Audits, conformit\u00e9, contr\u00f4le d\u2019acc\u00e8s, vid\u00e9osurveillance & d\u00e9tection incendie %\",\"breadcrumb\":{\"@id\":\"https:\\\/\\\/teknisafe.be\\\/index.php\\\/gestion-projet-securite\\\/#breadcrumb\"},\"inLanguage\":\"fr-BE\",\"potentialAction\":[{\"@type\":\"ReadAction\",\"target\":[\"https:\\\/\\\/teknisafe.be\\\/index.php\\\/gestion-projet-securite\\\/\"]}]},{\"@type\":\"BreadcrumbList\",\"@id\":\"https:\\\/\\\/teknisafe.be\\\/index.php\\\/gestion-projet-securite\\\/#breadcrumb\",\"itemListElement\":[{\"@type\":\"ListItem\",\"position\":1,\"name\":\"Accueil\",\"item\":\"https:\\\/\\\/teknisafe.be\\\/\"},{\"@type\":\"ListItem\",\"position\":2,\"name\":\"Gestion de Projet S\u00e9curit\u00e9- Teknisafe\"}]},{\"@type\":\"WebSite\",\"@id\":\"https:\\\/\\\/teknisafe.be\\\/#website\",\"url\":\"https:\\\/\\\/teknisafe.be\\\/\",\"name\":\"Teknisafe\",\"description\":\"Etude et Expertise technique\",\"publisher\":{\"@id\":\"https:\\\/\\\/teknisafe.be\\\/#organization\"},\"potentialAction\":[{\"@type\":\"SearchAction\",\"target\":{\"@type\":\"EntryPoint\",\"urlTemplate\":\"https:\\\/\\\/teknisafe.be\\\/?s={search_term_string}\"},\"query-input\":{\"@type\":\"PropertyValueSpecification\",\"valueRequired\":true,\"valueName\":\"search_term_string\"}}],\"inLanguage\":\"fr-BE\"},{\"@type\":\"Organization\",\"@id\":\"https:\\\/\\\/teknisafe.be\\\/#organization\",\"name\":\"Teknisafe\",\"url\":\"https:\\\/\\\/teknisafe.be\\\/\",\"logo\":{\"@type\":\"ImageObject\",\"inLanguage\":\"fr-BE\",\"@id\":\"https:\\\/\\\/teknisafe.be\\\/#\\\/schema\\\/logo\\\/image\\\/\",\"url\":\"https:\\\/\\\/teknisafe.be\\\/wp-content\\\/uploads\\\/2025\\\/10\\\/Capture_d_ecran_2025-10-16_201442-removebg-preview.png\",\"contentUrl\":\"https:\\\/\\\/teknisafe.be\\\/wp-content\\\/uploads\\\/2025\\\/10\\\/Capture_d_ecran_2025-10-16_201442-removebg-preview.png\",\"width\":896,\"height\":278,\"caption\":\"Teknisafe\"},\"image\":{\"@id\":\"https:\\\/\\\/teknisafe.be\\\/#\\\/schema\\\/logo\\\/image\\\/\"}}]}<\/script>\n<!-- \/ Yoast SEO plugin. -->","yoast_head_json":{"title":"Gestion de Projet S\u00e9curit\u00e9- Teknisafe - Teknisafe","description":"Teknisafe : bureau d\u2019\u00e9tude et expertise en s\u00e9curit\u00e9 \u00e9lectronique et incendie \u00e0 Charleroi. Audits, conformit\u00e9, contr\u00f4le d\u2019acc\u00e8s, vid\u00e9osurveillance & d\u00e9tection incendie %","robots":{"index":"index","follow":"follow","max-snippet":"max-snippet:-1","max-image-preview":"max-image-preview:large","max-video-preview":"max-video-preview:-1"},"canonical":"https:\/\/teknisafe.be\/index.php\/gestion-projet-securite\/","og_locale":"fr_FR","og_type":"article","og_title":"Gestion de Projet S\u00e9curit\u00e9- Teknisafe - Teknisafe","og_description":"Teknisafe : bureau d\u2019\u00e9tude et expertise en s\u00e9curit\u00e9 \u00e9lectronique et incendie \u00e0 Charleroi. Audits, conformit\u00e9, contr\u00f4le d\u2019acc\u00e8s, vid\u00e9osurveillance & d\u00e9tection incendie %","og_url":"https:\/\/teknisafe.be\/index.php\/gestion-projet-securite\/","og_site_name":"Teknisafe","article_modified_time":"2026-02-27T14:47:06+00:00","twitter_card":"summary_large_image","twitter_misc":{"Dur\u00e9e de lecture est.":"2 minutes"},"schema":{"@context":"https:\/\/schema.org","@graph":[{"@type":"WebPage","@id":"https:\/\/teknisafe.be\/index.php\/gestion-projet-securite\/","url":"https:\/\/teknisafe.be\/index.php\/gestion-projet-securite\/","name":"Gestion de Projet S\u00e9curit\u00e9- Teknisafe - Teknisafe","isPartOf":{"@id":"https:\/\/teknisafe.be\/#website"},"datePublished":"2026-02-27T14:46:44+00:00","dateModified":"2026-02-27T14:47:06+00:00","description":"Teknisafe : bureau d\u2019\u00e9tude et expertise en s\u00e9curit\u00e9 \u00e9lectronique et incendie \u00e0 Charleroi. Audits, conformit\u00e9, contr\u00f4le d\u2019acc\u00e8s, vid\u00e9osurveillance & d\u00e9tection incendie %","breadcrumb":{"@id":"https:\/\/teknisafe.be\/index.php\/gestion-projet-securite\/#breadcrumb"},"inLanguage":"fr-BE","potentialAction":[{"@type":"ReadAction","target":["https:\/\/teknisafe.be\/index.php\/gestion-projet-securite\/"]}]},{"@type":"BreadcrumbList","@id":"https:\/\/teknisafe.be\/index.php\/gestion-projet-securite\/#breadcrumb","itemListElement":[{"@type":"ListItem","position":1,"name":"Accueil","item":"https:\/\/teknisafe.be\/"},{"@type":"ListItem","position":2,"name":"Gestion de Projet S\u00e9curit\u00e9- Teknisafe"}]},{"@type":"WebSite","@id":"https:\/\/teknisafe.be\/#website","url":"https:\/\/teknisafe.be\/","name":"Teknisafe","description":"Etude et Expertise technique","publisher":{"@id":"https:\/\/teknisafe.be\/#organization"},"potentialAction":[{"@type":"SearchAction","target":{"@type":"EntryPoint","urlTemplate":"https:\/\/teknisafe.be\/?s={search_term_string}"},"query-input":{"@type":"PropertyValueSpecification","valueRequired":true,"valueName":"search_term_string"}}],"inLanguage":"fr-BE"},{"@type":"Organization","@id":"https:\/\/teknisafe.be\/#organization","name":"Teknisafe","url":"https:\/\/teknisafe.be\/","logo":{"@type":"ImageObject","inLanguage":"fr-BE","@id":"https:\/\/teknisafe.be\/#\/schema\/logo\/image\/","url":"https:\/\/teknisafe.be\/wp-content\/uploads\/2025\/10\/Capture_d_ecran_2025-10-16_201442-removebg-preview.png","contentUrl":"https:\/\/teknisafe.be\/wp-content\/uploads\/2025\/10\/Capture_d_ecran_2025-10-16_201442-removebg-preview.png","width":896,"height":278,"caption":"Teknisafe"},"image":{"@id":"https:\/\/teknisafe.be\/#\/schema\/logo\/image\/"}}]}},"_links":{"self":[{"href":"https:\/\/teknisafe.be\/index.php\/wp-json\/wp\/v2\/pages\/2084","targetHints":{"allow":["GET"]}}],"collection":[{"href":"https:\/\/teknisafe.be\/index.php\/wp-json\/wp\/v2\/pages"}],"about":[{"href":"https:\/\/teknisafe.be\/index.php\/wp-json\/wp\/v2\/types\/page"}],"author":[{"embeddable":true,"href":"https:\/\/teknisafe.be\/index.php\/wp-json\/wp\/v2\/users\/2"}],"replies":[{"embeddable":true,"href":"https:\/\/teknisafe.be\/index.php\/wp-json\/wp\/v2\/comments?post=2084"}],"version-history":[{"count":3,"href":"https:\/\/teknisafe.be\/index.php\/wp-json\/wp\/v2\/pages\/2084\/revisions"}],"predecessor-version":[{"id":2087,"href":"https:\/\/teknisafe.be\/index.php\/wp-json\/wp\/v2\/pages\/2084\/revisions\/2087"}],"wp:attachment":[{"href":"https:\/\/teknisafe.be\/index.php\/wp-json\/wp\/v2\/media?parent=2084"}],"curies":[{"name":"wp","href":"https:\/\/api.w.org\/{rel}","templated":true}]}}