{"id":3,"date":"2025-10-01T18:01:26","date_gmt":"2025-10-01T18:01:26","guid":{"rendered":"http:\/\/teknisafe.be\/?page_id=3"},"modified":"2025-11-16T09:35:59","modified_gmt":"2025-11-16T09:35:59","slug":"privacy-policy","status":"publish","type":"page","link":"https:\/\/teknisafe.be\/index.php\/privacy-policy\/","title":{"rendered":"Privacy Policy"},"content":{"rendered":"<h1 data-start=\"500\" data-end=\"551\"><strong data-start=\"505\" data-end=\"549\">POLITIQUE DE CONFIDENTIALIT\u00c9 \u2014 TEKNISAFE<\/strong><\/h1>\n<hr data-start=\"663\" data-end=\"666\" \/>\n<h2 data-start=\"668\" data-end=\"700\"><strong data-start=\"671\" data-end=\"700\">1. Informations g\u00e9n\u00e9rales<\/strong><\/h2>\n<p data-start=\"702\" data-end=\"990\">La protection de votre vie priv\u00e9e est essentielle pour nous.<br data-start=\"762\" data-end=\"765\" \/>La pr\u00e9sente Politique de confidentialit\u00e9 explique comment <strong data-start=\"823\" data-end=\"852\">Nicolas Hernandez Vazquez<\/strong>, exer\u00e7ant sous la d\u00e9nomination commerciale <strong data-start=\"896\" data-end=\"909\">TekniSafe<\/strong>, collecte, utilise, conserve et prot\u00e8ge vos donn\u00e9es personnelles, conform\u00e9ment :<\/p>\n<ul data-start=\"992\" data-end=\"1160\">\n<li data-start=\"992\" data-end=\"1034\">\n<p data-start=\"994\" data-end=\"1034\">au <strong data-start=\"997\" data-end=\"1024\">R\u00e8glement (UE) 2016\/679<\/strong> (RGPD),<\/p>\n<\/li>\n<li data-start=\"1035\" data-end=\"1160\">\n<p data-start=\"1037\" data-end=\"1160\">\u00e0 la <strong data-start=\"1042\" data-end=\"1074\">loi belge du 30 juillet 2018<\/strong> relative \u00e0 la protection des personnes physiques \u00e0 l\u2019\u00e9gard du traitement des donn\u00e9es.<\/p>\n<\/li>\n<\/ul>\n<p data-start=\"1162\" data-end=\"1275\">En utilisant notre site Internet <strong data-start=\"1195\" data-end=\"1215\"><a class=\"decorated-link\" href=\"http:\/\/www.teknisafe.be\" target=\"_new\" rel=\"noopener\" data-start=\"1197\" data-end=\"1213\">www.teknisafe.be<\/a><\/strong>, vous acceptez les pratiques d\u00e9crites dans cette Politique.<\/p>\n<hr data-start=\"1277\" data-end=\"1280\" \/>\n<h2 data-start=\"1282\" data-end=\"1317\"><strong data-start=\"1285\" data-end=\"1317\">2. Responsable du traitement<\/strong><\/h2>\n<p data-start=\"1319\" data-end=\"1353\">Le responsable du traitement est :<\/p>\n<p data-start=\"1355\" data-end=\"1595\"><strong data-start=\"1355\" data-end=\"1404\">Nicolas Hernandez Vazquez (personne physique)<\/strong><br data-start=\"1404\" data-end=\"1407\" \/>D\u00e9nomination commerciale : <strong data-start=\"1434\" data-end=\"1447\">TekniSafe<\/strong><br data-start=\"1447\" data-end=\"1450\" \/>Adresse : <strong data-start=\"1460\" data-end=\"1509\">Place de la Queue 11, 6010 Couillet, Belgique<\/strong><br data-start=\"1509\" data-end=\"1512\" \/>N\u00b0 TVA : <strong data-start=\"1521\" data-end=\"1539\">BE0544.304.711<\/strong><br data-start=\"1539\" data-end=\"1542\" \/>E-mail : <b>expert@teknisafe.be<br \/><\/b>T\u00e9l\u00e9phone : 071 15 75 15<b><br \/><\/b><\/p>\n<hr data-start=\"1597\" data-end=\"1600\" \/>\n<h2 data-start=\"1602\" data-end=\"1639\"><strong data-start=\"1605\" data-end=\"1639\">3. Donn\u00e9es que nous collectons<\/strong><\/h2>\n<p data-start=\"1641\" data-end=\"1729\">Nous ne collectons <strong data-start=\"1660\" data-end=\"1703\">que les donn\u00e9es strictement n\u00e9cessaires<\/strong>, notamment lorsque vous :<\/p>\n<ul data-start=\"1731\" data-end=\"1919\">\n<li data-start=\"1731\" data-end=\"1765\">\n<p data-start=\"1733\" data-end=\"1765\">utilisez notre site Internet ;<\/p>\n<\/li>\n<li data-start=\"1766\" data-end=\"1811\">\n<p data-start=\"1768\" data-end=\"1811\">nous contactez via formulaire ou e-mail ;<\/p>\n<\/li>\n<li data-start=\"1812\" data-end=\"1850\">\n<p data-start=\"1814\" data-end=\"1850\">demandez un devis ou une analyse ;<\/p>\n<\/li>\n<li data-start=\"1851\" data-end=\"1919\">\n<p data-start=\"1853\" data-end=\"1919\">devenez client dans le cadre d\u2019une mission d\u2019\u00e9tude ou d\u2019expertise.<\/p>\n<\/li>\n<\/ul>\n<h3 data-start=\"1921\" data-end=\"1955\"><strong data-start=\"1925\" data-end=\"1955\">3.1. Donn\u00e9es de navigation<\/strong><\/h3>\n<ul data-start=\"1956\" data-end=\"2071\">\n<li data-start=\"1956\" data-end=\"1970\">\n<p data-start=\"1958\" data-end=\"1970\">Adresse IP<\/p>\n<\/li>\n<li data-start=\"1971\" data-end=\"2007\">\n<p data-start=\"1973\" data-end=\"2007\">Type d\u2019appareil et de navigateur<\/p>\n<\/li>\n<li data-start=\"2008\" data-end=\"2028\">\n<p data-start=\"2010\" data-end=\"2028\">Pages consult\u00e9es<\/p>\n<\/li>\n<li data-start=\"2029\" data-end=\"2048\">\n<p data-start=\"2031\" data-end=\"2048\">Dur\u00e9e de visite<\/p>\n<\/li>\n<li data-start=\"2049\" data-end=\"2071\">\n<p data-start=\"2051\" data-end=\"2071\">Cookies techniques<\/p>\n<\/li>\n<\/ul>\n<p data-start=\"2073\" data-end=\"2113\"><em data-start=\"2073\" data-end=\"2113\">(Voir Politique de Cookies distincte.)<\/em><\/p>\n<hr data-start=\"2115\" data-end=\"2118\" \/>\n<h3 data-start=\"2120\" data-end=\"2175\"><strong data-start=\"2124\" data-end=\"2175\">3.2. Donn\u00e9es que vous fournissez volontairement<\/strong><\/h3>\n<ul data-start=\"2176\" data-end=\"2387\">\n<li data-start=\"2176\" data-end=\"2193\">\n<p data-start=\"2178\" data-end=\"2193\">Nom et pr\u00e9nom<\/p>\n<\/li>\n<li data-start=\"2194\" data-end=\"2217\">\n<p data-start=\"2196\" data-end=\"2217\">Num\u00e9ro de t\u00e9l\u00e9phone<\/p>\n<\/li>\n<li data-start=\"2218\" data-end=\"2236\">\n<p data-start=\"2220\" data-end=\"2236\">Adresse e-mail<\/p>\n<\/li>\n<li data-start=\"2237\" data-end=\"2288\">\n<p data-start=\"2239\" data-end=\"2288\">Adresse postale (si n\u00e9cessaire pour la mission)<\/p>\n<\/li>\n<li data-start=\"2289\" data-end=\"2387\">\n<p data-start=\"2291\" data-end=\"2387\">Informations relatives \u00e0 votre demande (description des besoins, documents fournis, plans, etc.)<\/p>\n<\/li>\n<\/ul>\n<hr data-start=\"2389\" data-end=\"2392\" \/>\n<h3 data-start=\"2394\" data-end=\"2466\"><strong data-start=\"2398\" data-end=\"2466\">3.3. Donn\u00e9es administratives li\u00e9es \u00e0 la relation professionnelle<\/strong><\/h3>\n<ul data-start=\"2467\" data-end=\"2637\">\n<li data-start=\"2467\" data-end=\"2505\">\n<p data-start=\"2469\" data-end=\"2505\">Donn\u00e9es d\u2019identification du client<\/p>\n<\/li>\n<li data-start=\"2506\" data-end=\"2569\">\n<p data-start=\"2508\" data-end=\"2569\">Informations pour l\u2019\u00e9tablissement d\u2019offres, devis, factures<\/p>\n<\/li>\n<li data-start=\"2570\" data-end=\"2637\">\n<p data-start=\"2572\" data-end=\"2637\">Correspondances et documents \u00e9chang\u00e9s dans le cadre d\u2019une mission<\/p>\n<\/li>\n<\/ul>\n<hr data-start=\"2639\" data-end=\"2642\" \/>\n<h3 data-start=\"2644\" data-end=\"2674\"><strong data-start=\"2648\" data-end=\"2674\">3.4. Donn\u00e9es sensibles<\/strong><\/h3>\n<p data-start=\"2675\" data-end=\"2756\">TekniSafe <strong data-start=\"2685\" data-end=\"2704\">ne collecte pas<\/strong> de donn\u00e9es sensibles (sant\u00e9, religion, politique\u2026).<\/p>\n<hr data-start=\"2758\" data-end=\"2761\" \/>\n<h2 data-start=\"2763\" data-end=\"2796\"><strong data-start=\"2766\" data-end=\"2796\">4. Finalit\u00e9s du traitement<\/strong><\/h2>\n<p data-start=\"2798\" data-end=\"2841\">Nous traitons vos donn\u00e9es uniquement pour :<\/p>\n<ol data-start=\"2843\" data-end=\"3290\">\n<li data-start=\"2843\" data-end=\"2903\">\n<p data-start=\"2846\" data-end=\"2903\"><strong data-start=\"2846\" data-end=\"2873\">R\u00e9pondre \u00e0 vos demandes<\/strong> (devis, contact, question).<\/p>\n<\/li>\n<li data-start=\"2904\" data-end=\"2974\">\n<p data-start=\"2907\" data-end=\"2974\"><strong data-start=\"2907\" data-end=\"2972\">Effectuer une analyse, une expertise ou une mission demand\u00e9e.<\/strong><\/p>\n<\/li>\n<li data-start=\"2975\" data-end=\"3029\">\n<p data-start=\"2978\" data-end=\"3029\"><strong data-start=\"2978\" data-end=\"3027\">\u00c9tablir et envoyer devis, offres et factures.<\/strong><\/p>\n<\/li>\n<li data-start=\"3030\" data-end=\"3095\">\n<p data-start=\"3033\" data-end=\"3095\"><strong data-start=\"3033\" data-end=\"3093\">G\u00e9rer la relation client et assurer le suivi de dossier.<\/strong><\/p>\n<\/li>\n<li data-start=\"3096\" data-end=\"3163\">\n<p data-start=\"3099\" data-end=\"3163\"><strong data-start=\"3099\" data-end=\"3161\">Am\u00e9liorer notre site, nos services et notre communication.<\/strong><\/p>\n<\/li>\n<li data-start=\"3164\" data-end=\"3230\">\n<p data-start=\"3167\" data-end=\"3230\"><strong data-start=\"3167\" data-end=\"3204\">Respecter nos obligations l\u00e9gales<\/strong> (fiscales, comptables).<\/p>\n<\/li>\n<li data-start=\"3231\" data-end=\"3290\">\n<p data-start=\"3234\" data-end=\"3290\"><strong data-start=\"3234\" data-end=\"3288\">Pr\u00e9venir la fraude et assurer la s\u00e9curit\u00e9 du site.<\/strong><\/p>\n<\/li>\n<\/ol>\n<p data-start=\"3292\" data-end=\"3376\">Nous ne traitons jamais vos donn\u00e9es au-del\u00e0 des besoins n\u00e9cessaires \u00e0 ces finalit\u00e9s.<\/p>\n<hr data-start=\"3378\" data-end=\"3381\" \/>\n<h2 data-start=\"3383\" data-end=\"3418\"><strong data-start=\"3386\" data-end=\"3418\">5. Base l\u00e9gale du traitement<\/strong><\/h2>\n<p data-start=\"3420\" data-end=\"3492\">Nous traitons vos donn\u00e9es personnelles sur les bases l\u00e9gales suivantes :<\/p>\n<ul data-start=\"3494\" data-end=\"3773\">\n<li data-start=\"3494\" data-end=\"3585\">\n<p data-start=\"3496\" data-end=\"3585\"><strong data-start=\"3496\" data-end=\"3522\">Ex\u00e9cution d\u2019un contrat<\/strong> ou de mesures pr\u00e9contractuelles (devis, mission, expertise).<\/p>\n<\/li>\n<li data-start=\"3586\" data-end=\"3638\">\n<p data-start=\"3588\" data-end=\"3638\"><strong data-start=\"3588\" data-end=\"3609\">Obligation l\u00e9gale<\/strong> (fiscalit\u00e9, comptabilit\u00e9).<\/p>\n<\/li>\n<li data-start=\"3639\" data-end=\"3710\">\n<p data-start=\"3641\" data-end=\"3710\"><strong data-start=\"3641\" data-end=\"3661\">Int\u00e9r\u00eat l\u00e9gitime<\/strong> (s\u00e9curit\u00e9 du site, am\u00e9lioration des services).<\/p>\n<\/li>\n<li data-start=\"3711\" data-end=\"3773\">\n<p data-start=\"3713\" data-end=\"3773\"><strong data-start=\"3713\" data-end=\"3735\">Votre consentement<\/strong> (newsletter, cookies non essentiels).<\/p>\n<\/li>\n<\/ul>\n<hr data-start=\"3775\" data-end=\"3778\" \/>\n<h2 data-start=\"3780\" data-end=\"3811\"><strong data-start=\"3783\" data-end=\"3811\">6. Dur\u00e9e de conservation<\/strong><\/h2>\n<ul data-start=\"3813\" data-end=\"4134\">\n<li data-start=\"3813\" data-end=\"3873\">\n<p data-start=\"3815\" data-end=\"3873\">Donn\u00e9es de contact : <strong data-start=\"3836\" data-end=\"3845\">3 ans<\/strong> apr\u00e8s le dernier contact.<\/p>\n<\/li>\n<li data-start=\"3874\" data-end=\"3956\">\n<p data-start=\"3876\" data-end=\"3956\">Documents comptables (factures, devis sign\u00e9s) : <strong data-start=\"3924\" data-end=\"3933\">7 ans<\/strong> (obligation l\u00e9gale).<\/p>\n<\/li>\n<li data-start=\"3957\" data-end=\"4055\">\n<p data-start=\"3959\" data-end=\"4055\">Correspondances li\u00e9es \u00e0 une expertise : <strong data-start=\"3999\" data-end=\"4016\">jusqu\u2019\u00e0 5 ans<\/strong> pour gestion des litiges potentiels.<\/p>\n<\/li>\n<li data-start=\"4056\" data-end=\"4134\">\n<p data-start=\"4058\" data-end=\"4134\">Donn\u00e9es de navigation : selon dur\u00e9e d\u00e9finie dans votre navigateur \/ cookies.<\/p>\n<\/li>\n<\/ul>\n<p data-start=\"4136\" data-end=\"4203\">Apr\u00e8s ces p\u00e9riodes, vos donn\u00e9es sont <strong data-start=\"4173\" data-end=\"4202\">supprim\u00e9es ou anonymis\u00e9es<\/strong>.<\/p>\n<hr data-start=\"4205\" data-end=\"4208\" \/>\n<h2 data-start=\"4210\" data-end=\"4256\"><strong data-start=\"4213\" data-end=\"4256\">7. Transmission des donn\u00e9es \u00e0 des tiers<\/strong><\/h2>\n<p data-start=\"4258\" data-end=\"4296\">TekniSafe <strong data-start=\"4268\" data-end=\"4283\">ne vend pas<\/strong> vos donn\u00e9es.<\/p>\n<p data-start=\"4298\" data-end=\"4341\">Elles peuvent toutefois \u00eatre transmises \u00e0 :<\/p>\n<ul data-start=\"4343\" data-end=\"4558\">\n<li data-start=\"4343\" data-end=\"4394\">\n<p data-start=\"4345\" data-end=\"4394\">partenaires techniques (h\u00e9bergeur, webmaster) ;<\/p>\n<\/li>\n<li data-start=\"4395\" data-end=\"4443\">\n<p data-start=\"4397\" data-end=\"4443\">comptable \/ fiscaliste (obligation l\u00e9gale) ;<\/p>\n<\/li>\n<li data-start=\"4444\" data-end=\"4517\">\n<p data-start=\"4446\" data-end=\"4517\">sous-traitants impliqu\u00e9s dans une mission, uniquement si n\u00e9cessaire ;<\/p>\n<\/li>\n<li data-start=\"4518\" data-end=\"4558\">\n<p data-start=\"4520\" data-end=\"4558\">autorit\u00e9s publiques si la loi l\u2019exige.<\/p>\n<\/li>\n<\/ul>\n<p data-start=\"4560\" data-end=\"4664\">Tout sous-traitant est contractuellement tenu de respecter le RGPD et la confidentialit\u00e9 de vos donn\u00e9es.<\/p>\n<hr data-start=\"4666\" data-end=\"4669\" \/>\n<h2 data-start=\"4671\" data-end=\"4704\"><strong data-start=\"4674\" data-end=\"4704\">8. Transfert international<\/strong><\/h2>\n<p data-start=\"4706\" data-end=\"4887\">TekniSafe conserve vos donn\u00e9es <strong data-start=\"4737\" data-end=\"4750\">en Europe<\/strong>.<br data-start=\"4751\" data-end=\"4754\" \/>En cas d\u2019h\u00e9bergement hors UE, nous utiliserons uniquement des prestataires offrant des garanties RGPD (clauses contractuelles types).<\/p>\n<hr data-start=\"4889\" data-end=\"4892\" \/>\n<h2 data-start=\"4894\" data-end=\"4924\"><strong data-start=\"4897\" data-end=\"4924\">9. S\u00e9curit\u00e9 des donn\u00e9es<\/strong><\/h2>\n<p data-start=\"4926\" data-end=\"5005\">Nous mettons en place des mesures techniques et organisationnelles telles que :<\/p>\n<ul data-start=\"5007\" data-end=\"5143\">\n<li data-start=\"5007\" data-end=\"5039\">\n<p data-start=\"5009\" data-end=\"5039\">pare-feu et s\u00e9curit\u00e9 serveur<\/p>\n<\/li>\n<li data-start=\"5040\" data-end=\"5059\">\n<p data-start=\"5042\" data-end=\"5059\">acc\u00e8s restreint<\/p>\n<\/li>\n<li data-start=\"5060\" data-end=\"5087\">\n<p data-start=\"5062\" data-end=\"5087\">mots de passe s\u00e9curis\u00e9s<\/p>\n<\/li>\n<li data-start=\"5088\" data-end=\"5114\">\n<p data-start=\"5090\" data-end=\"5114\">sauvegardes r\u00e9guli\u00e8res<\/p>\n<\/li>\n<li data-start=\"5115\" data-end=\"5143\">\n<p data-start=\"5117\" data-end=\"5143\">mise \u00e0 jour des syst\u00e8mes<\/p>\n<\/li>\n<\/ul>\n<p data-start=\"5145\" data-end=\"5235\">En cas de violation de donn\u00e9es \u00e0 risque, vous serez inform\u00e9 selon les obligations l\u00e9gales.<\/p>\n<hr data-start=\"5237\" data-end=\"5240\" \/>\n<h2 data-start=\"5242\" data-end=\"5268\"><strong data-start=\"5245\" data-end=\"5268\">10. Vos droits RGPD<\/strong><\/h2>\n<p data-start=\"5270\" data-end=\"5305\">Vous disposez des droits suivants :<\/p>\n<ul data-start=\"5307\" data-end=\"5553\">\n<li data-start=\"5307\" data-end=\"5328\">\n<p data-start=\"5309\" data-end=\"5328\"><strong data-start=\"5309\" data-end=\"5326\">Droit d\u2019acc\u00e8s<\/strong><\/p>\n<\/li>\n<li data-start=\"5329\" data-end=\"5359\">\n<p data-start=\"5331\" data-end=\"5359\"><strong data-start=\"5331\" data-end=\"5357\">Droit de rectification<\/strong><\/p>\n<\/li>\n<li data-start=\"5360\" data-end=\"5386\">\n<p data-start=\"5362\" data-end=\"5386\"><strong data-start=\"5362\" data-end=\"5384\">Droit d\u2019effacement<\/strong><\/p>\n<\/li>\n<li data-start=\"5387\" data-end=\"5413\">\n<p data-start=\"5389\" data-end=\"5413\"><strong data-start=\"5389\" data-end=\"5411\">Droit d\u2019opposition<\/strong><\/p>\n<\/li>\n<li data-start=\"5414\" data-end=\"5457\">\n<p data-start=\"5416\" data-end=\"5457\"><strong data-start=\"5416\" data-end=\"5455\">Droit \u00e0 la limitation du traitement<\/strong><\/p>\n<\/li>\n<li data-start=\"5458\" data-end=\"5488\">\n<p data-start=\"5460\" data-end=\"5488\"><strong data-start=\"5460\" data-end=\"5486\">Droit \u00e0 la portabilit\u00e9<\/strong><\/p>\n<\/li>\n<li data-start=\"5489\" data-end=\"5553\">\n<p data-start=\"5491\" data-end=\"5553\"><strong data-start=\"5491\" data-end=\"5530\">Droit de retirer votre consentement<\/strong> (newsletter\/cookies)<\/p>\n<\/li>\n<\/ul>\n<hr data-start=\"5555\" data-end=\"5558\" \/>\n<h2 data-start=\"5560\" data-end=\"5593\"><strong data-start=\"5563\" data-end=\"5593\">11. Exercice de vos droits<\/strong><\/h2>\n<p data-start=\"5595\" data-end=\"5640\">Vous pouvez exercer vos droits par e-mail \u00e0 :<\/p>\n<p data-start=\"5642\" data-end=\"5713\">expert@teknisafe.be<\/p>\n<p data-start=\"5715\" data-end=\"5802\">Une preuve d\u2019identit\u00e9 pourra \u00eatre demand\u00e9e pour \u00e9viter toute divulgation non autoris\u00e9e.<\/p>\n<p data-start=\"5804\" data-end=\"5845\">Nous r\u00e9pondons sous <strong data-start=\"5824\" data-end=\"5836\">30 jours<\/strong> maximum.<\/p>\n<hr data-start=\"5847\" data-end=\"5850\" \/>\n<h2 data-start=\"5852\" data-end=\"5883\"><strong data-start=\"5855\" data-end=\"5883\">12. Autorit\u00e9 de contr\u00f4le<\/strong><\/h2>\n<p data-start=\"5885\" data-end=\"5962\">Si vous estimez que vos droits ne sont pas respect\u00e9s, vous pouvez contacter :<\/p>\n<p data-start=\"5964\" data-end=\"6086\"><strong data-start=\"5964\" data-end=\"6012\">Autorit\u00e9 de protection des donn\u00e9es (APD\/GBA)<\/strong><br data-start=\"6012\" data-end=\"6015\" \/>Rue de la Presse 35<br data-start=\"6034\" data-end=\"6037\" \/>1000 Bruxelles<br data-start=\"6051\" data-end=\"6054\" \/><a class=\"decorated-link\" href=\"http:\/\/www.autoriteprotectiondonnees.be\" target=\"_new\" rel=\"noopener\" data-start=\"6054\" data-end=\"6086\">www.autoriteprotectiondonnees.be<\/a><\/p>\n<hr data-start=\"6088\" data-end=\"6091\" \/>\n<h2 data-start=\"6093\" data-end=\"6132\"><strong data-start=\"6096\" data-end=\"6132\">13. Modification de la politique<\/strong><\/h2>\n<p data-start=\"6134\" data-end=\"6282\">TekniSafe peut adapter cette Politique en fonction des \u00e9volutions l\u00e9gales ou techniques.<br data-start=\"6222\" data-end=\"6225\" \/>La version \u00e0 jour est toujours disponible sur notre site.<\/p>\n","protected":false},"excerpt":{"rendered":"<p>POLITIQUE DE CONFIDENTIALIT\u00c9 \u2014 TEKNISAFE 1. Informations g\u00e9n\u00e9rales La protection de votre vie priv\u00e9e est essentielle pour nous.La pr\u00e9sente Politique de confidentialit\u00e9 explique comment Nicolas Hernandez Vazquez, exer\u00e7ant sous la d\u00e9nomination commerciale TekniSafe, collecte, utilise, conserve et prot\u00e8ge vos donn\u00e9es personnelles, conform\u00e9ment : au R\u00e8glement (UE) 2016\/679 (RGPD), \u00e0 la loi belge du 30 juillet<\/p>\n","protected":false},"author":1,"featured_media":0,"parent":0,"menu_order":0,"comment_status":"closed","ping_status":"open","template":"","meta":{"_acf_changed":false,"footnotes":""},"class_list":["post-3","page","type-page","status-publish","hentry"],"acf":[],"yoast_head":"<!-- This site is optimized with the Yoast SEO plugin v27.4 - https:\/\/yoast.com\/product\/yoast-seo-wordpress\/ -->\n<title>Privacy Policy - Teknisafe<\/title>\n<meta name=\"description\" content=\"Teknisafe : bureau d\u2019\u00e9tude et expertise en s\u00e9curit\u00e9 \u00e9lectronique et incendie \u00e0 Charleroi. Audits, conformit\u00e9, contr\u00f4le d\u2019acc\u00e8s, vid\u00e9osurveillance &amp; d\u00e9tection incendie %\" \/>\n<meta name=\"robots\" content=\"index, follow, max-snippet:-1, max-image-preview:large, max-video-preview:-1\" \/>\n<link rel=\"canonical\" href=\"https:\/\/teknisafe.be\/index.php\/privacy-policy\/\" \/>\n<meta property=\"og:locale\" content=\"fr_FR\" \/>\n<meta property=\"og:type\" content=\"article\" \/>\n<meta property=\"og:title\" content=\"Privacy Policy - Teknisafe\" \/>\n<meta property=\"og:description\" content=\"Teknisafe : bureau d\u2019\u00e9tude et expertise en s\u00e9curit\u00e9 \u00e9lectronique et incendie \u00e0 Charleroi. Audits, conformit\u00e9, contr\u00f4le d\u2019acc\u00e8s, vid\u00e9osurveillance &amp; d\u00e9tection incendie %\" \/>\n<meta property=\"og:url\" content=\"https:\/\/teknisafe.be\/index.php\/privacy-policy\/\" \/>\n<meta property=\"og:site_name\" content=\"Teknisafe\" \/>\n<meta property=\"article:modified_time\" content=\"2025-11-16T09:35:59+00:00\" \/>\n<meta name=\"twitter:card\" content=\"summary_large_image\" \/>\n<meta name=\"twitter:label1\" content=\"Dur\u00e9e de lecture est.\" \/>\n\t<meta name=\"twitter:data1\" content=\"4 minutes\" \/>\n<script type=\"application\/ld+json\" class=\"yoast-schema-graph\">{\"@context\":\"https:\\\/\\\/schema.org\",\"@graph\":[{\"@type\":\"WebPage\",\"@id\":\"https:\\\/\\\/teknisafe.be\\\/index.php\\\/privacy-policy\\\/\",\"url\":\"https:\\\/\\\/teknisafe.be\\\/index.php\\\/privacy-policy\\\/\",\"name\":\"Privacy Policy - Teknisafe\",\"isPartOf\":{\"@id\":\"https:\\\/\\\/teknisafe.be\\\/#website\"},\"datePublished\":\"2025-10-01T18:01:26+00:00\",\"dateModified\":\"2025-11-16T09:35:59+00:00\",\"description\":\"Teknisafe : bureau d\u2019\u00e9tude et expertise en s\u00e9curit\u00e9 \u00e9lectronique et incendie \u00e0 Charleroi. Audits, conformit\u00e9, contr\u00f4le d\u2019acc\u00e8s, vid\u00e9osurveillance & d\u00e9tection incendie %\",\"breadcrumb\":{\"@id\":\"https:\\\/\\\/teknisafe.be\\\/index.php\\\/privacy-policy\\\/#breadcrumb\"},\"inLanguage\":\"fr-BE\",\"potentialAction\":[{\"@type\":\"ReadAction\",\"target\":[\"https:\\\/\\\/teknisafe.be\\\/index.php\\\/privacy-policy\\\/\"]}]},{\"@type\":\"BreadcrumbList\",\"@id\":\"https:\\\/\\\/teknisafe.be\\\/index.php\\\/privacy-policy\\\/#breadcrumb\",\"itemListElement\":[{\"@type\":\"ListItem\",\"position\":1,\"name\":\"Accueil\",\"item\":\"https:\\\/\\\/teknisafe.be\\\/\"},{\"@type\":\"ListItem\",\"position\":2,\"name\":\"Privacy Policy\"}]},{\"@type\":\"WebSite\",\"@id\":\"https:\\\/\\\/teknisafe.be\\\/#website\",\"url\":\"https:\\\/\\\/teknisafe.be\\\/\",\"name\":\"Teknisafe\",\"description\":\"Etude et Expertise technique\",\"publisher\":{\"@id\":\"https:\\\/\\\/teknisafe.be\\\/#organization\"},\"potentialAction\":[{\"@type\":\"SearchAction\",\"target\":{\"@type\":\"EntryPoint\",\"urlTemplate\":\"https:\\\/\\\/teknisafe.be\\\/?s={search_term_string}\"},\"query-input\":{\"@type\":\"PropertyValueSpecification\",\"valueRequired\":true,\"valueName\":\"search_term_string\"}}],\"inLanguage\":\"fr-BE\"},{\"@type\":\"Organization\",\"@id\":\"https:\\\/\\\/teknisafe.be\\\/#organization\",\"name\":\"Teknisafe\",\"url\":\"https:\\\/\\\/teknisafe.be\\\/\",\"logo\":{\"@type\":\"ImageObject\",\"inLanguage\":\"fr-BE\",\"@id\":\"https:\\\/\\\/teknisafe.be\\\/#\\\/schema\\\/logo\\\/image\\\/\",\"url\":\"https:\\\/\\\/teknisafe.be\\\/wp-content\\\/uploads\\\/2025\\\/10\\\/Capture_d_ecran_2025-10-16_201442-removebg-preview.png\",\"contentUrl\":\"https:\\\/\\\/teknisafe.be\\\/wp-content\\\/uploads\\\/2025\\\/10\\\/Capture_d_ecran_2025-10-16_201442-removebg-preview.png\",\"width\":896,\"height\":278,\"caption\":\"Teknisafe\"},\"image\":{\"@id\":\"https:\\\/\\\/teknisafe.be\\\/#\\\/schema\\\/logo\\\/image\\\/\"}}]}<\/script>\n<!-- \/ Yoast SEO plugin. -->","yoast_head_json":{"title":"Privacy Policy - Teknisafe","description":"Teknisafe : bureau d\u2019\u00e9tude et expertise en s\u00e9curit\u00e9 \u00e9lectronique et incendie \u00e0 Charleroi. Audits, conformit\u00e9, contr\u00f4le d\u2019acc\u00e8s, vid\u00e9osurveillance & d\u00e9tection incendie %","robots":{"index":"index","follow":"follow","max-snippet":"max-snippet:-1","max-image-preview":"max-image-preview:large","max-video-preview":"max-video-preview:-1"},"canonical":"https:\/\/teknisafe.be\/index.php\/privacy-policy\/","og_locale":"fr_FR","og_type":"article","og_title":"Privacy Policy - Teknisafe","og_description":"Teknisafe : bureau d\u2019\u00e9tude et expertise en s\u00e9curit\u00e9 \u00e9lectronique et incendie \u00e0 Charleroi. Audits, conformit\u00e9, contr\u00f4le d\u2019acc\u00e8s, vid\u00e9osurveillance & d\u00e9tection incendie %","og_url":"https:\/\/teknisafe.be\/index.php\/privacy-policy\/","og_site_name":"Teknisafe","article_modified_time":"2025-11-16T09:35:59+00:00","twitter_card":"summary_large_image","twitter_misc":{"Dur\u00e9e de lecture est.":"4 minutes"},"schema":{"@context":"https:\/\/schema.org","@graph":[{"@type":"WebPage","@id":"https:\/\/teknisafe.be\/index.php\/privacy-policy\/","url":"https:\/\/teknisafe.be\/index.php\/privacy-policy\/","name":"Privacy Policy - Teknisafe","isPartOf":{"@id":"https:\/\/teknisafe.be\/#website"},"datePublished":"2025-10-01T18:01:26+00:00","dateModified":"2025-11-16T09:35:59+00:00","description":"Teknisafe : bureau d\u2019\u00e9tude et expertise en s\u00e9curit\u00e9 \u00e9lectronique et incendie \u00e0 Charleroi. Audits, conformit\u00e9, contr\u00f4le d\u2019acc\u00e8s, vid\u00e9osurveillance & d\u00e9tection incendie %","breadcrumb":{"@id":"https:\/\/teknisafe.be\/index.php\/privacy-policy\/#breadcrumb"},"inLanguage":"fr-BE","potentialAction":[{"@type":"ReadAction","target":["https:\/\/teknisafe.be\/index.php\/privacy-policy\/"]}]},{"@type":"BreadcrumbList","@id":"https:\/\/teknisafe.be\/index.php\/privacy-policy\/#breadcrumb","itemListElement":[{"@type":"ListItem","position":1,"name":"Accueil","item":"https:\/\/teknisafe.be\/"},{"@type":"ListItem","position":2,"name":"Privacy Policy"}]},{"@type":"WebSite","@id":"https:\/\/teknisafe.be\/#website","url":"https:\/\/teknisafe.be\/","name":"Teknisafe","description":"Etude et Expertise technique","publisher":{"@id":"https:\/\/teknisafe.be\/#organization"},"potentialAction":[{"@type":"SearchAction","target":{"@type":"EntryPoint","urlTemplate":"https:\/\/teknisafe.be\/?s={search_term_string}"},"query-input":{"@type":"PropertyValueSpecification","valueRequired":true,"valueName":"search_term_string"}}],"inLanguage":"fr-BE"},{"@type":"Organization","@id":"https:\/\/teknisafe.be\/#organization","name":"Teknisafe","url":"https:\/\/teknisafe.be\/","logo":{"@type":"ImageObject","inLanguage":"fr-BE","@id":"https:\/\/teknisafe.be\/#\/schema\/logo\/image\/","url":"https:\/\/teknisafe.be\/wp-content\/uploads\/2025\/10\/Capture_d_ecran_2025-10-16_201442-removebg-preview.png","contentUrl":"https:\/\/teknisafe.be\/wp-content\/uploads\/2025\/10\/Capture_d_ecran_2025-10-16_201442-removebg-preview.png","width":896,"height":278,"caption":"Teknisafe"},"image":{"@id":"https:\/\/teknisafe.be\/#\/schema\/logo\/image\/"}}]}},"_links":{"self":[{"href":"https:\/\/teknisafe.be\/index.php\/wp-json\/wp\/v2\/pages\/3","targetHints":{"allow":["GET"]}}],"collection":[{"href":"https:\/\/teknisafe.be\/index.php\/wp-json\/wp\/v2\/pages"}],"about":[{"href":"https:\/\/teknisafe.be\/index.php\/wp-json\/wp\/v2\/types\/page"}],"author":[{"embeddable":true,"href":"https:\/\/teknisafe.be\/index.php\/wp-json\/wp\/v2\/users\/1"}],"replies":[{"embeddable":true,"href":"https:\/\/teknisafe.be\/index.php\/wp-json\/wp\/v2\/comments?post=3"}],"version-history":[{"count":2,"href":"https:\/\/teknisafe.be\/index.php\/wp-json\/wp\/v2\/pages\/3\/revisions"}],"predecessor-version":[{"id":1568,"href":"https:\/\/teknisafe.be\/index.php\/wp-json\/wp\/v2\/pages\/3\/revisions\/1568"}],"wp:attachment":[{"href":"https:\/\/teknisafe.be\/index.php\/wp-json\/wp\/v2\/media?parent=3"}],"curies":[{"name":"wp","href":"https:\/\/api.w.org\/{rel}","templated":true}]}}